{"id":1009,"date":"2024-06-27T16:42:10","date_gmt":"2024-06-27T16:42:10","guid":{"rendered":"https:\/\/expatcircle.com\/cms\/de\/?page_id=1009"},"modified":"2024-06-27T16:42:10","modified_gmt":"2024-06-27T16:42:10","slug":"firmengrundung-im-ausland","status":"publish","type":"page","link":"https:\/\/expatcircle.com\/cms\/de\/finanzen\/firmengrundung-im-ausland\/","title":{"rendered":"Firmengr\u00fcndung im Ausland"},"content":{"rendered":"<h2><img loading=\"lazy\" decoding=\"async\" class=\"alignnone wp-image-1569\" src=\"https:\/\/expatcircle.com\/cms\/wp-content\/uploads\/2024\/06\/company_formation_llc_usa.jpg\" alt=\"\" width=\"561\" height=\"561\" \/><\/h2>\n<h2>USA LLC Unternehmensgr\u00fcndung<\/h2>\n<h4>40 USD Servicegeb\u00fchr plus staatliche Geb\u00fchren, Registered Agent Service, Mail Forwarding Option usw.<\/h4>\n<h4>Auch eine gute Option f\u00fcr Ausl\u00e4nder. Eine US-LLC kann f\u00fcr Ausl\u00e4nder potenziell steuerfrei sein, abh\u00e4ngig von den Gesch\u00e4ftsaktivit\u00e4ten und der gew\u00e4hlten Steuerstruktur.<\/h4>\n<h4><a href=\"https:\/\/shareasale.com\/r.cfm?b=965743&amp;u=4302562&amp;m=69959&amp;urllink=&amp;afftrack=\" target=\"_blank\" rel=\"noopener\" data-cke-saved-href=\"https:\/\/shareasale.com\/r.cfm?b=965743&amp;u=4302562&amp;m=69959&amp;urllink=&amp;afftrack=\" data-cke-saved->Eine US-LLC bestellen<\/a><\/h4>\n<h2><\/h2>\n<p><img loading=\"lazy\" decoding=\"async\" class=\"alignnone wp-image-1571\" src=\"https:\/\/expatcircle.com\/cms\/wp-content\/uploads\/2024\/06\/company_formation_uk_ltd.jpg\" alt=\"\" width=\"556\" height=\"556\" \/><\/p>\n<h2>UK Ltd. Unternehmensgr\u00fcndung<\/h2>\n<h4>Gro\u00dfbritannien, ein guter Ort f\u00fcr Gesch\u00e4fte. Die Pakete f\u00fcr Nicht-Ans\u00e4ssige sind speziell auf die Bed\u00fcrfnisse von Nicht-Ans\u00e4ssigen zugeschnitten, die eine Limited Company in Gro\u00dfbritannien gr\u00fcnden m\u00f6chten. Sie bieten alles, was Sie zum Handelsstart ben\u00f6tigen, einschlie\u00dflich aller drei unserer Adressdienste, um das Unternehmensimage Ihrer Firma zu verbessern.<\/h4>\n<h4><a href=\"https:\/\/rapid-formations.sjv.io\/eK6ALX\" target=\"_blank\" rel=\"noopener\" data-cke-saved-href=\"https:\/\/shareasale.com\/r.cfm?b=965743&amp;u=4302562&amp;m=69959&amp;urllink=&amp;afftrack=\">Eine UK Ltd. bestellen<\/a><\/h4>\n<p>&nbsp;<\/p>\n<h2><img loading=\"lazy\" decoding=\"async\" class=\"alignnone wp-image-1572\" src=\"https:\/\/expatcircle.com\/cms\/wp-content\/uploads\/2024\/06\/company_formation_hong_kong_ltd.jpg\" alt=\"\" width=\"553\" height=\"553\" \/><\/h2>\n<h2>Hong Kong Ltd. Unternehmensgr\u00fcndung<\/h2>\n<h4><a href=\"https:\/\/expatcircle.com\/shop\/en-gb\/product\/Offshore_Company_Formation\/Consulting_Hong_Kong_Company_Formation\" rel=\"noopener\" data-cke-saved-href=\"https:\/\/shareasale.com\/r.cfm?b=965743&amp;u=4302562&amp;m=69959&amp;urllink=&amp;afftrack=\">Beratung f\u00fcr eine Hong Kong Ltd. Unternehmensgr\u00fcndung<\/a><\/h4>\n<h2><\/h2>\n<h2><\/h2>\n<h2><img loading=\"lazy\" decoding=\"async\" class=\"alignnone wp-image-1570\" src=\"https:\/\/expatcircle.com\/cms\/wp-content\/uploads\/2024\/06\/company_formation_ireland_ltd.jpg\" alt=\"\" width=\"556\" height=\"556\" \/><\/h2>\n<h2>Irland Ltd. Unternehmensgr\u00fcndung<\/h2>\n<h4>EU-basiert. Niedrige Steuern von 12,5%. H\u00f6her als in der Schweiz (10%), aber die Verwaltungskosten sind im Vergleich zur Schweiz viel, viel niedriger.<\/h4>\n<h4><a href=\"https:\/\/expatcircle.com\/shop\/en-gb\/product\/Offshore_Company_Formation\/Irish_Ltd_company_Formation\">Irland Ltd. hier bestellen.<\/a><\/h4>\n<h2><\/h2>\n<p><img loading=\"lazy\" decoding=\"async\" class=\"alignnone wp-image-1573\" src=\"https:\/\/expatcircle.com\/cms\/wp-content\/uploads\/2024\/06\/company_formation_luxembourg_SAARL.jpg\" alt=\"\" width=\"561\" height=\"561\" \/><\/p>\n<h2>Luxemburg SAARL Unternehmensgr\u00fcndung<\/h2>\n<h4>Luxemburg hat sehr wettbewerbsf\u00e4hige Steuern f\u00fcr IP- und Patentlizenzen.<\/h4>\n<h4><a href=\"https:\/\/expatcircle.com\/shop\/en-gb\/product\/Offshore_Company_Formation\/Luxembourg_Company_Formation_consulting\">Beratungsdienstleistungen hier bestellen.<\/a><\/h4>\n","protected":false},"excerpt":{"rendered":"<p>USA LLC Unternehmensgr\u00fcndung 40 USD Servicegeb\u00fchr plus staatliche Geb\u00fchren, Registered Agent Service, Mail Forwarding Option usw. Auch eine gute Option f\u00fcr Ausl\u00e4nder. Eine US-LLC kann f\u00fcr Ausl\u00e4nder potenziell steuerfrei sein, abh\u00e4ngig von den Gesch\u00e4ftsaktivit\u00e4ten und der gew\u00e4hlten Steuerstruktur. Eine US-LLC bestellen UK Ltd. Unternehmensgr\u00fcndung Gro\u00dfbritannien, ein guter Ort f\u00fcr Gesch\u00e4fte. Die Pakete f\u00fcr Nicht-Ans\u00e4ssige sind [&hellip;]<\/p>\n","protected":false},"author":1,"featured_media":0,"parent":16,"menu_order":0,"comment_status":"closed","ping_status":"closed","template":"","meta":{"footnotes":"","_links_to":"","_links_to_target":""},"class_list":["post-1009","page","type-page","status-publish","hentry"],"_links":{"self":[{"href":"https:\/\/expatcircle.com\/cms\/de\/wp-json\/wp\/v2\/pages\/1009","targetHints":{"allow":["GET"]}}],"collection":[{"href":"https:\/\/expatcircle.com\/cms\/de\/wp-json\/wp\/v2\/pages"}],"about":[{"href":"https:\/\/expatcircle.com\/cms\/de\/wp-json\/wp\/v2\/types\/page"}],"author":[{"embeddable":true,"href":"https:\/\/expatcircle.com\/cms\/de\/wp-json\/wp\/v2\/users\/1"}],"replies":[{"embeddable":true,"href":"https:\/\/expatcircle.com\/cms\/de\/wp-json\/wp\/v2\/comments?post=1009"}],"version-history":[{"count":1,"href":"https:\/\/expatcircle.com\/cms\/de\/wp-json\/wp\/v2\/pages\/1009\/revisions"}],"predecessor-version":[{"id":1010,"href":"https:\/\/expatcircle.com\/cms\/de\/wp-json\/wp\/v2\/pages\/1009\/revisions\/1010"}],"up":[{"embeddable":true,"href":"https:\/\/expatcircle.com\/cms\/de\/wp-json\/wp\/v2\/pages\/16"}],"wp:attachment":[{"href":"https:\/\/expatcircle.com\/cms\/de\/wp-json\/wp\/v2\/media?parent=1009"}],"curies":[{"name":"wp","href":"https:\/\/api.w.org\/{rel}","templated":true}]}}