{"id":1234,"date":"2024-11-30T21:39:32","date_gmt":"2024-11-30T21:39:32","guid":{"rendered":"https:\/\/expatcircle.com\/cms\/de\/?page_id=1234"},"modified":"2024-11-30T22:50:33","modified_gmt":"2024-11-30T22:50:33","slug":"fliegen-mit-hunden-essentieller-reisefuhrer","status":"publish","type":"page","link":"https:\/\/expatcircle.com\/cms\/de\/fliegen-mit-hunden-essentieller-reisefuhrer\/","title":{"rendered":"Fliegen mit Hunden: Essentieller Reisef\u00fchrer"},"content":{"rendered":"<h2 class=\"mb-2 mt-6 text-lg first:mt-3\">Internationales Fliegen mit Hunden, insbesondere mit Hunden im Frachtraum<\/h2>\n<ul class=\"marker:text-textOff list-disc pl-8\">\n<li>Nicht alle Fluggesellschaften transportieren Tiere. Best\u00e4tigen Sie, ob Ihre Fluggesellschaft Tiere mitnimmt<\/li>\n<li>Best\u00e4tigen Sie, dass Ihre Fluggesellschaft Tiere in Ihr Zielland transportiert. Nicht alle Fluggesellschaften nehmen Haustiere in die USA mit.<\/li>\n<li>Kleine Hunde (in der Regel unter 9 kg) k\u00f6nnen in der Kabine reisen<\/li>\n<li>Gro\u00dfe Hunde m\u00fcssen im Frachtraum reisen<\/li>\n<li>Sie m\u00fcssen eine Transportbox verwenden, die gro\u00df genug f\u00fcr Ihren Hund ist und die Vorschriften der International Air Transport Association (IATA) erf\u00fcllt. Die Verwendung einer zu kleinen Box kann dazu f\u00fchren, dass Ihr Hund nicht eingecheckt werden darf!<\/li>\n<li>Sie m\u00fcssen eine <a href=\"https:\/\/www.amazon.de\/dp\/B0B8YY8KPB\" target=\"_blank\" rel=\"noopener\">spezielle Wasserflasche<\/a> in die Transportbox klemmen.<\/li>\n<li>Fluggesellschaften begrenzen die Anzahl der Haustiere pro Flug, buchen Sie daher fr\u00fchzeitig<\/li>\n<li>Nicht alle Fluggesellschaften sind gleich. Einige k\u00f6nnen Sie einfach <a href=\"https:\/\/expatcircle.com\/cms\/de\/warum-sie-niemals-hunde-mit-finnair-transportieren-sollten\/\">v\u00f6llig im Regen stehen lassen<\/a>.<\/li>\n<li>Nicht alle Fluggesellschaften berechnen die gleichen Geb\u00fchren. Internationale Geb\u00fchren reichen von 75 USD bis \u00fcber 600 USD<\/li>\n<li>Gr\u00f6\u00dfe ist wichtig! Nicht nur f\u00fcr die Kabine, sondern auch f\u00fcr den Frachtraum. Viele Fluggesellschaften haben strenge Gr\u00f6\u00dfenbeschr\u00e4nkungen f\u00fcr Hundeboxen, die den Transport gr\u00f6\u00dferer Hunde unm\u00f6glich machen.<\/li>\n<li>Die meisten Fluggesellschaften nehmen keine brachycephalen Hunde, also Hunde mit kurzen Nasen, mit.<\/li>\n<li>Es gibt Mindestaltersanforderungen f\u00fcr Hunde.<\/li>\n<li>Bei Anschlussfl\u00fcgen haben Fluggesellschaften unterschiedliche Vorschriften f\u00fcr maximale UND minimale Anschlusszeiten f\u00fcr Haustiere im Frachtraum.<\/li>\n<li>Wenn es kein Direktflug ist, stellen Sie sicher, dass dieser Flughafen den Hundetransfer erlaubt (z.B. erlaubt der Flughafen M\u00fcnchen dies nicht).<\/li>\n<li>Die Vorschriften sind fluggesellschaftsspezifisch. Wenn Sie einen Codeshare buchen, der von einer anderen Fluggesellschaft durchgef\u00fchrt wird, gelten andere Vorschriften.<\/li>\n<li>Versuchen Sie, wenn m\u00f6glich, einen Direktflug zu finden.<\/li>\n<li>Ihr Hund muss gechippt sein, mit einem Chip, der im Zielland akzeptiert wird (z.B. k\u00f6nnen die USA und die EU keine chinesischen Haustierchips lesen)<\/li>\n<li>Ihr Hund muss geimpft sein.<\/li>\n<li>Bringen Sie den Impfpass Ihres Hundes und unterst\u00fctzende Dokumente mit.<\/li>\n<li>Wenn Ihr Hund in einem Hochrisikoland f\u00fcr Tollwut war, gelten besondere Anforderungen<\/li>\n<li>Sie m\u00fcssen Ihren Hund beim <a href=\"https:\/\/www.cdc.gov\/\" target=\"_blank\" rel=\"noopener\">Center for Disease Control and Prevention<\/a> registrieren, wenn Sie in die USA fliegen.<\/li>\n<li>Bauen Sie Ihre Transportbox zusammen, nachdem Sie sie erhalten haben. Bauen Sie die Box nicht zum ersten Mal am Flughafen auf.<\/li>\n<li>Best\u00e4tigen Sie, dass der spezifische Flug alle genannten Punkte erlaubt. Buchen Sie keinen Flug, bevor Sie dies best\u00e4tigt haben.<\/li>\n<\/ul>\n<p>&nbsp;<\/p>\n<p>&nbsp;<\/p>\n<h2 class=\"mb-2 mt-6 text-lg first:mt-3\">Das Gute, das Schlechte und das H\u00e4ssliche. Fluggesellschaften-Ranking f\u00fcr Reisen mit Haustieren.<\/h2>\n<p>\u2605\u2605\u2605\u2605\u2605 Lufthansa.<\/p>\n<p>Lufthansa ist eine 5-Sterne-Fluggesellschaft, wenn es um den Haustiertransport im Frachtraum geht. Ja, sie berechnen Ihnen daf\u00fcr, wahrscheinlich \u00fcber 500 USD pro Strecke. Aber sie wissen, was sie tun, sie scheinen auch die gr\u00f6\u00dften Transportboxen unterbringen zu k\u00f6nnen, und sie werden Ihre Buchung einhalten, nicht wie die Cowboys von <a href=\"https:\/\/expatcircle.com\/cms\/de\/warum-sie-niemals-hunde-mit-finnair-transportieren-sollten\/\">Finnair<\/a>. Die Mindestzeit f\u00fcr Anschlussfl\u00fcge betr\u00e4gt 45 Minuten. Mein Flug war versp\u00e4tet, sie schafften es in 30 Minuten. Sie erlauben nicht f\u00fcr jeden Flughafen Anschlussfl\u00fcge mit Hunden im Frachtraum. Z.B. ist Frankfurt sicher, aber sie werden keine Buchung \u00fcber M\u00fcnchen mit einem Hund im Frachtraum zulassen. Achten Sie auch darauf, dass es ein Lufthansa-Flug ist, buchen Sie keinen Codeshare mit United oder \u00e4hnlichem.<\/p>\n<p>&nbsp;<\/p>\n<p>\u2605\u2605\u2605 Aeroflot<\/p>\n<p>Ehrenvolle Erw\u00e4hnung. Aufgrund der aktuellen Situation gibt es sehr wenige internationale Fl\u00fcge mit Aeroflot. Sie haben Gr\u00f6\u00dfenbeschr\u00e4nkungen f\u00fcr Hunde im Frachtraum. Aber als die Welt noch in Ordnung war, flogen sie Hunde von China nach Europa im Frachtraum f\u00fcr 75 USD pro Strecke. Ein Schn\u00e4ppchen!<\/p>\n<p>&nbsp;<\/p>\n<p>\u2605\u2605\u2605 LOT<\/p>\n<p>Polnische Fluggesellschaft. Sehr streng mit Haustieren, aber sie nehmen Haustiere im Frachtraum mit und fliegen sie auch in die USA. Gr\u00f6\u00dfenbeschr\u00e4nkungen machen es unwahrscheinlich, dass Sie einen Golden Retriever oder Labrador mit ihnen transportieren k\u00f6nnen.<\/p>\n<p>Noch zu bewerten: KLM und Air France haben einen guten Ruf f\u00fcr Haustiertransporte. Ich werde diesen Abschnitt in Zukunft aktualisieren.<\/p>\n<p>_ Null Sterne.<\/p>\n<p>Fly Play Airlines. Sie nehmen keine Haustiere mit.<br \/>\nDelta. Gro\u00dfartige Fluggesellschaft, aber derzeit kein Haustiertransport im Frachtraum in die USA<br \/>\nAmerican Airlines. Gro\u00dfartige Fluggesellschaft, aber derzeit kein Haustiertransport im Frachtraum in die USA<br \/>\nUnited. Nicht so gro\u00dfartige Fluggesellschaft und derzeit kein Haustiertransport im Frachtraum in die USA<br \/>\nFinnair. Sie bringen zwar Hunde im Frachtraum in die USA, aber Sie w\u00e4ren verr\u00fcckt, sie zu benutzen.<\/p>\n<p>&nbsp;<\/p>\n<h2 class=\"mb-2 mt-6 text-lg first:mt-3\">Welche Transportboxen sollte man f\u00fcr den Lufttransport von Hunden kaufen?<\/h2>\n<p>&nbsp;<\/p>\n<p>Ich empfehle dringend, <a href=\"https:\/\/www.amazon.de\/-\/en\/Karlie-aircraft-Nomad-without-wheels\/dp\/B00F2JM5ZC\" target=\"_blank\" rel=\"noopener\">Transportboxen der Marke Karlie<\/a> zu kaufen. Sie sind stabil, hochwertig, wiederverwendbar und erf\u00fcllen die Vorschriften der International Air Transport Association (IATA)<\/p>\n<p>&nbsp;<\/p>\n<p><img loading=\"lazy\" decoding=\"async\" class=\"alignnone size-full wp-image-1944\" src=\"https:\/\/expatcircle.com\/cms\/wp-content\/uploads\/2024\/11\/dog_crate.jpg\" alt=\"\" width=\"679\" height=\"537\" \/><\/p>\n<p><img loading=\"lazy\" decoding=\"async\" class=\"alignnone size-full wp-image-1945\" src=\"https:\/\/expatcircle.com\/cms\/wp-content\/uploads\/2024\/11\/dog_crate_size_sheet.jpg\" alt=\"\" width=\"679\" height=\"210\" \/><\/p>\n<p>&nbsp;<\/p>\n<p>&nbsp;<\/p>\n","protected":false},"excerpt":{"rendered":"<p>Internationales Fliegen mit Hunden, insbesondere mit Hunden im Frachtraum Nicht alle Fluggesellschaften transportieren Tiere. Best\u00e4tigen Sie, ob Ihre Fluggesellschaft Tiere mitnimmt Best\u00e4tigen Sie, dass Ihre Fluggesellschaft Tiere in Ihr Zielland transportiert. Nicht alle Fluggesellschaften nehmen Haustiere in die USA mit. Kleine Hunde (in der Regel unter 9 kg) k\u00f6nnen in der Kabine reisen Gro\u00dfe Hunde [&hellip;]<\/p>\n","protected":false},"author":1,"featured_media":0,"parent":0,"menu_order":0,"comment_status":"closed","ping_status":"closed","template":"","meta":{"footnotes":"","_links_to":"","_links_to_target":""},"class_list":["post-1234","page","type-page","status-publish","hentry"],"_links":{"self":[{"href":"https:\/\/expatcircle.com\/cms\/de\/wp-json\/wp\/v2\/pages\/1234","targetHints":{"allow":["GET"]}}],"collection":[{"href":"https:\/\/expatcircle.com\/cms\/de\/wp-json\/wp\/v2\/pages"}],"about":[{"href":"https:\/\/expatcircle.com\/cms\/de\/wp-json\/wp\/v2\/types\/page"}],"author":[{"embeddable":true,"href":"https:\/\/expatcircle.com\/cms\/de\/wp-json\/wp\/v2\/users\/1"}],"replies":[{"embeddable":true,"href":"https:\/\/expatcircle.com\/cms\/de\/wp-json\/wp\/v2\/comments?post=1234"}],"version-history":[{"count":3,"href":"https:\/\/expatcircle.com\/cms\/de\/wp-json\/wp\/v2\/pages\/1234\/revisions"}],"predecessor-version":[{"id":1238,"href":"https:\/\/expatcircle.com\/cms\/de\/wp-json\/wp\/v2\/pages\/1234\/revisions\/1238"}],"wp:attachment":[{"href":"https:\/\/expatcircle.com\/cms\/de\/wp-json\/wp\/v2\/media?parent=1234"}],"curies":[{"name":"wp","href":"https:\/\/api.w.org\/{rel}","templated":true}]}}