{"id":1306,"date":"2025-01-12T16:28:14","date_gmt":"2025-01-12T16:28:14","guid":{"rendered":"https:\/\/expatcircle.com\/cms\/de\/?page_id=1306"},"modified":"2025-07-09T19:06:43","modified_gmt":"2025-07-09T19:06:43","slug":"telekommunikation-im-ausland","status":"publish","type":"page","link":"https:\/\/expatcircle.com\/cms\/de\/privacy\/telekommunikation-im-ausland\/","title":{"rendered":"Telekommunikation im Ausland"},"content":{"rendered":"<p><strong>Google Project Fi<\/strong><\/p>\n<p>F\u00fcr Weltreisende ist sicher ein Google <a href=\"https:\/\/g.co\/fi\/r\/1JW726\" target=\"_blank\" rel=\"noopener\">Project Fi Handy<\/a> das non-plus ultra.<br \/>\nTelefonieren ist weltweit g\u00fcnstig. Das GB Daten kostet 10 USD. Das ist teuer, gilt aber weltweit. Wenn man in einem WiFi netz ist, wird automatisch sehr g\u00fcnstig \u00fcber VOIP telefoniert.<br \/>\nNachteile: Man braucht eine US-Kreditkarte und mittlerweile stellt Google manchmal den Datenservice ab, wenn man es nur au\u00dferhalb der USA benutzt.<\/p>\n<p>Coverage map for <a href=\"https:\/\/g.co\/fi\/r\/1JW726\" target=\"_blank\" rel=\"noopener\">Google Project Fi<\/a>:<\/p>\n<p><img loading=\"lazy\" decoding=\"async\" class=\"alignnone wp-image-2105\" src=\"https:\/\/expatcircle.com\/cms\/wp-content\/uploads\/2025\/04\/google_project_fi_coverage-1024x552.webp\" alt=\"\" width=\"532\" height=\"287\" \/><\/p>\n<p>&nbsp;<\/p>\n<p><strong>VOIP (Voice over IP)<\/strong><\/p>\n<p>Mit <a href=\"https:\/\/voip.ms\/en\/invite\/MTExNDY5\" target=\"_blank\" rel=\"noopener\">VOIP.MS<\/a> k\u00f6nnt ihr euch weltweit g\u00fcnstige Rufnummern holen. Bei einigen Nummern, z.B. f\u00fcr die USA, kann man auch SMS empfangen. US-Nummern kosten<br \/>\nNur mal ein Beispiel f\u00fcr die Preise: US Nummer US $0.8500 im Monat, eine US-Nummer anrufen oder angerufen werden weniger als 1 Cent pro Minute:\u00a0 US$ 0.0090<br \/>\nAuch Faxempfang und Versand ist mit VOIP.MS m\u00f6glich.<\/p>\n<p>F\u00fcr einige L\u00e4nder muss man einen Wohnsitz im entsprechenden Land nachweisen, wenn man z.b. eine deutsche Nummer haben will. Deshalb, ggf. besser beantragen, wenn man noch einen Wohnsitz in Deutschland hat. Diese Nummer k\u00f6nnt ihr entweder auf ein Telefon oder Handy umleiten, oder mit einer VOIP Software, z.B. <a href=\"https:\/\/www.linphone.org\/home\/\" target=\"_blank\" rel=\"noopener\">Linphone<\/a>, auf dem Handy, oder vom Computer telefonieren. Eine Fritzbox mit einem <a href=\"https:\/\/www.amazon.de\/s?k=DECT+Telefon\" target=\"_blank\" rel=\"noopener\">DECT Telefon<\/a> kann man nat\u00fcrlich auch benutzen.<\/p>\n<p>Wenn man unbedingt eine deutsche VOIP Rufnummer braucht, kann man auch <a href=\"https:\/\/www.sipgate.de\/partner\/3181545300\" target=\"_blank\" rel=\"noopener\">SIPGATE<\/a> benutzen.<\/p>\n<p>Mit VOIP kann man auch Gespr\u00e4che abh\u00f6rsicher verschl\u00fcsseln. In Zukunft wird unser <a href=\"https:\/\/expatcircle.com\/shop\/en-gb\/product\/ghostphone-encrypted-chat\">Ghostphone<\/a> das anbieten.<\/p>\n<p>&nbsp;<\/p>\n<p><strong>Sattelite.me<\/strong><\/p>\n<p>Die Zweitnummer auf dem Handy mit einer App (Android und Apple). Mit <a href=\"https:\/\/www.satellite.me\/\" target=\"_blank\" rel=\"noopener\">satellite<\/a> telefoniert ihr wie gewohnt. Ihr bekommt eine echte Handynummer und k\u00f6nnt weltweit kostenlos telefonieren. Satellite ist unabh\u00e4ngig von eurem vorhandenen Mobilfunkvertrag und getrennt von eurer bestehenden Nummer. Interessant z.B. f\u00fcr Leute, die dauerhaft im Ausland sind, aber noch eine deutsche Rufnummer ben\u00f6tigen. Vorsicht: Wenn euer Google Play Shop schon auf das Ausland umgestellt ist, es ist nicht in jedem Land im Google Play Shop verf\u00fcgbar.<\/p>\n<p>&nbsp;<\/p>\n<p><strong>eSIMs und Prepaid SIM cards f\u00fcr das Ausland<\/strong><\/p>\n<p><a class=\"fandom-community-header__community-name\" href=\"https:\/\/prepaid-data-sim-card.fandom.com\/\" target=\"_blank\" rel=\"noopener\" data-test=\"fandom-community-header-community-name\">Prepaid Data SIM Card Wiki<\/a><\/p>\n","protected":false},"excerpt":{"rendered":"<p>Google Project Fi F\u00fcr Weltreisende ist sicher ein Google Project Fi Handy das non-plus ultra. Telefonieren ist weltweit g\u00fcnstig. Das GB Daten kostet 10 USD. Das ist teuer, gilt aber weltweit. Wenn man in einem WiFi netz ist, wird automatisch sehr g\u00fcnstig \u00fcber VOIP telefoniert. Nachteile: Man braucht eine US-Kreditkarte und mittlerweile stellt Google manchmal [&hellip;]<\/p>\n","protected":false},"author":1,"featured_media":0,"parent":20,"menu_order":0,"comment_status":"closed","ping_status":"closed","template":"","meta":{"footnotes":"","_links_to":"","_links_to_target":""},"class_list":["post-1306","page","type-page","status-publish","hentry"],"_links":{"self":[{"href":"https:\/\/expatcircle.com\/cms\/de\/wp-json\/wp\/v2\/pages\/1306","targetHints":{"allow":["GET"]}}],"collection":[{"href":"https:\/\/expatcircle.com\/cms\/de\/wp-json\/wp\/v2\/pages"}],"about":[{"href":"https:\/\/expatcircle.com\/cms\/de\/wp-json\/wp\/v2\/types\/page"}],"author":[{"embeddable":true,"href":"https:\/\/expatcircle.com\/cms\/de\/wp-json\/wp\/v2\/users\/1"}],"replies":[{"embeddable":true,"href":"https:\/\/expatcircle.com\/cms\/de\/wp-json\/wp\/v2\/comments?post=1306"}],"version-history":[{"count":6,"href":"https:\/\/expatcircle.com\/cms\/de\/wp-json\/wp\/v2\/pages\/1306\/revisions"}],"predecessor-version":[{"id":1729,"href":"https:\/\/expatcircle.com\/cms\/de\/wp-json\/wp\/v2\/pages\/1306\/revisions\/1729"}],"up":[{"embeddable":true,"href":"https:\/\/expatcircle.com\/cms\/de\/wp-json\/wp\/v2\/pages\/20"}],"wp:attachment":[{"href":"https:\/\/expatcircle.com\/cms\/de\/wp-json\/wp\/v2\/media?parent=1306"}],"curies":[{"name":"wp","href":"https:\/\/api.w.org\/{rel}","templated":true}]}}