{"id":200,"date":"2024-03-01T11:42:24","date_gmt":"2024-03-01T11:42:24","guid":{"rendered":"https:\/\/expatcircle.com\/cms\/de\/?page_id=200"},"modified":"2024-03-01T16:12:27","modified_gmt":"2024-03-01T16:12:27","slug":"krankenversicherung","status":"publish","type":"page","link":"https:\/\/expatcircle.com\/cms\/de\/gesundheit\/krankenversicherung\/","title":{"rendered":"Krankenversicherung"},"content":{"rendered":"<p>Vielleicht eine der schwersten Fragen f\u00fcr Auswanderer, Perpetual travelers, Expats und Digitale Nomaden.<\/p>\n<p><strong>1. Auswanderer.\u00a0<\/strong><\/p>\n<p>Ggf. kann man sich lokal versichern, mit allen Vor- und Nachteilen. Da es unz\u00e4hlige L\u00e4nder gibt, k\u00f6nnen wir hier den Einzelfall nicht behandeln.<\/p>\n<p><strong>2. G\u00fcnstigste M\u00f6glichkeit durch Doppell\u00f6sung<\/strong><\/p>\n<p>Mal ganz abgesehen von &#8220;keiner Versicherung&#8221;. Teilweise sind die Kosten f\u00fcr kleinere Probleme in manchen L\u00e4ndern so gering, dass man das problemlos selber zahlen kann.<\/p>\n<p>a) Langzeit Auslandskrankenversicherung. Die beiden bei weitem am besten Anbieter sind unserer Meinung nach:<\/p>\n<p><a href=\"https:\/\/www.hansemerkur.de\/langfristige-auslandskrankenversicherungen\" target=\"_blank\" rel=\"noopener\">HanseMerkur<\/a> Lang\u00adfris\u00adtige Auslands\u00adkran\u00adken\u00adver\u00adsi\u00adche\u00adrungen: F\u00fcr Reisen von bis zu 5 Jahren<\/p>\n<p><a href=\"https:\/\/www.adac.de\/produkte\/versicherungen\/auslandskrankenversicherung-langzeit\/tarife-und-leistungen\/\" target=\"_blank\" rel=\"noopener\">ADAC<\/a> Ihre Auslandskranken\u00adversicherung Langzeit<\/p>\n<p>Das geht um die 50 Euro bei unter 27 Jahre los. Eine wirklich g\u00fcnstige L\u00f6sung. Richtig? Nein. Machen wir uns nichts vor. Bei den Preisen k\u00f6nnen die Versicherungen nur notd\u00fcrftige Versorgung bieten und vollwertige Krankenversicherung ersetzen. Bei ernsthaften Problemen sollte man deshalb in die Heimat zur\u00fcckkehren und dort auf seine gesetzliche Versicherung zur\u00fcckgreifen. Wie das geht? Mit einer <a href=\"https:\/\/expatcircle.com\/cms\/de\/anwartschaft-bei-auslandsaufenthalt\/\">Anwartschaft<\/a>, welche um die 70 Euro kostet. Was bekommt ihr daf\u00fcr? Das Recht, jederzeit sofort ohne Probleme wieder in die gesetzliche Krankenversicherung aufgenommen werden zu k\u00f6nnen. Die Gesamtkosten belaufen sich dann um 120-150 Euro f\u00fcr einen relativ guten Versicherungsschutz.<\/p>\n<p><strong>3. Echte Auslandskrankenversicherung.\u00a0<\/strong><\/p>\n<p>Einen echten kompletten Auslandskrankenversicherungsschutz bieten Versicherer wie AXA, Allianz etc. an. Hier k\u00f6nnt ihr <a href=\"https:\/\/expatcircle.com\/cms\/de\/gesundheit\/anfrage-krankenversicherung\/\">unverbindlich ein Angebot<\/a> anfordern.<\/p>\n<p><strong>4. Auslandskrankenversicherung f\u00fcr unorthodoxe.\u00a0<\/strong><\/p>\n<p>Uns ist eine weitere M\u00f6glichkeit bekannt. Solange man in der Lage ist, noch einen Flieger zu besteigen, k\u00f6nnte man nach Spanien fliegen zur <a href=\"https:\/\/www.cun.es\/en\/\" target=\"_blank\" rel=\"noopener\">Cl\u00ednica Universitaria de Navarra<\/a>, ein exzellentes Universit\u00e4tskrankenhaus in Spanien. Die bieten ihre eigene Versicherung (um die 60 Euro) an, bzw. mit 30-50% Rabatt, falls man unter 26 Jahre alt ist. Man kann sich dann allerdings NUR dort behandeln lassen. <a href=\"https:\/\/www.acunsa.es\/\" target=\"_blank\" rel=\"noopener\">ACUNSA Versicherung<\/a> (Spanisch).<\/p>\n","protected":false},"excerpt":{"rendered":"<p>Vielleicht eine der schwersten Fragen f\u00fcr Auswanderer, Perpetual travelers, Expats und Digitale Nomaden. 1. Auswanderer.\u00a0 Ggf. kann man sich lokal versichern, mit allen Vor- und Nachteilen. Da es unz\u00e4hlige L\u00e4nder gibt, k\u00f6nnen wir hier den Einzelfall nicht behandeln. 2. G\u00fcnstigste M\u00f6glichkeit durch Doppell\u00f6sung Mal ganz abgesehen von &#8220;keiner Versicherung&#8221;. Teilweise sind die Kosten f\u00fcr kleinere [&hellip;]<\/p>\n","protected":false},"author":1,"featured_media":0,"parent":22,"menu_order":0,"comment_status":"closed","ping_status":"closed","template":"","meta":{"footnotes":"","_links_to":"","_links_to_target":""},"class_list":["post-200","page","type-page","status-publish","hentry"],"_links":{"self":[{"href":"https:\/\/expatcircle.com\/cms\/de\/wp-json\/wp\/v2\/pages\/200","targetHints":{"allow":["GET"]}}],"collection":[{"href":"https:\/\/expatcircle.com\/cms\/de\/wp-json\/wp\/v2\/pages"}],"about":[{"href":"https:\/\/expatcircle.com\/cms\/de\/wp-json\/wp\/v2\/types\/page"}],"author":[{"embeddable":true,"href":"https:\/\/expatcircle.com\/cms\/de\/wp-json\/wp\/v2\/users\/1"}],"replies":[{"embeddable":true,"href":"https:\/\/expatcircle.com\/cms\/de\/wp-json\/wp\/v2\/comments?post=200"}],"version-history":[{"count":3,"href":"https:\/\/expatcircle.com\/cms\/de\/wp-json\/wp\/v2\/pages\/200\/revisions"}],"predecessor-version":[{"id":243,"href":"https:\/\/expatcircle.com\/cms\/de\/wp-json\/wp\/v2\/pages\/200\/revisions\/243"}],"up":[{"embeddable":true,"href":"https:\/\/expatcircle.com\/cms\/de\/wp-json\/wp\/v2\/pages\/22"}],"wp:attachment":[{"href":"https:\/\/expatcircle.com\/cms\/de\/wp-json\/wp\/v2\/media?parent=200"}],"curies":[{"name":"wp","href":"https:\/\/api.w.org\/{rel}","templated":true}]}}