{"id":212,"date":"2024-03-01T12:18:35","date_gmt":"2024-03-01T12:18:35","guid":{"rendered":"https:\/\/expatcircle.com\/cms\/de\/?page_id=212"},"modified":"2025-06-26T15:58:46","modified_gmt":"2025-06-26T15:58:46","slug":"digitaler-briefkasten-fur-digitale-nomaden-und-auswanderer","status":"publish","type":"page","link":"https:\/\/expatcircle.com\/cms\/de\/privacy\/digitaler-briefkasten-fur-digitale-nomaden-und-auswanderer\/","title":{"rendered":"Mailbox \u2013 Digitaler Briefkasten"},"content":{"rendered":"<h1>Ein erstklassiger Maildrop sollte folgende Eigenschaften haben:<\/h1>\n<ol>\n<li>Datenschutzorientiert. Sammelt nicht mehr Informationen als n\u00f6tig. Gibt Daten nur bei gerichtlicher Anordnung weiter.<\/li>\n<li>Angemessen bepreist und keine undurchsichtige Preisgestaltung.<\/li>\n<li>Stabil. Die Adresse sollte sich nicht pl\u00f6tzlich zu einem anderen Standort \u00e4ndern. Ja, das kommt vor.<\/li>\n<li>Nicht offensichtlich ein Postfach. Nichts erregt mehr Verdacht als &#8220;Postfach, Mailbox, Empfangsdienst&#8221; in Ihrer Adresse<\/li>\n<li>Mit etwas Gl\u00fcck k\u00f6nnen Sie dort sogar Ihre Kontoausz\u00fcge empfangen. Bei Problemen versuchen Sie, eine Wohnadresse anzugeben und das Postfach als Postanschrift.<\/li>\n<\/ol>\n<p>Viele Websites empfehlen Maildrops und Mail-Weiterleitungsdienste, die sie selbst nie genutzt haben. Eine schnelle Google-Suche und Copy&amp;Paste ergeben eine Liste, die Leute haben \u00fcberhaupt keine Ahnung von was sie reden. Wir pr\u00e4sentieren Ihnen stattdessen hier einige handverlesene, zuverl\u00e4ssige Maildrops, einige davon habe ich selber genutzt, teilweise mit sehr, sehr schlechten Erfahrungen, siehe Clevvermail.<\/p>\n<h1>USA<\/h1>\n<p>Einfach. Es gibt nichts Besseres als <a href=\"https:\/\/www.sbimailservice.com\/\" target=\"_blank\" rel=\"noopener\">SBI Mail<\/a>. Einziger Nachteil: Florida hat begonnen, Steuern f\u00fcr Online-Bestellungen zu erheben. Das waren noch Zeiten, als alles von eBay, Amazon steuerfrei war.<br \/>\n<a href=\"https:\/\/www.escapees.com\/\" target=\"_blank\" rel=\"noopener\">Escapees<\/a> ist eine weitere sehr gute Option in den USA und bietet Mailboxen, Forwarding und Residency (f\u00fcr US-Amerikaner) in Florida, Colorado und Texas.<br \/>\n<a href=\"https:\/\/www.amhomebase.com\/\" target=\"_blank\" rel=\"noopener\">American Homebase<\/a> ist eine weitere Option in Florida.<\/p>\n<p>Eine weitere Mailbox in Florida: <a href=\"https:\/\/gomyrv.com\/expatcircle\" target=\"_blank\" rel=\"noopener\">MyRVmail<\/a>.<\/p>\n<p><a href=\"https:\/\/gomyrv.com\/expatcircle\" target=\"_blank\" rel=\"noopener\"><img decoding=\"async\" src=\"https:\/\/myrvmail.com\/images\/affiliates\/300x300.png\" \/><\/a><br \/>\nAlle diese Optionen sind stark auf Personen zugeschnitten, die in einem Wohnmobil durch die USA reisen, &#8220;reisende Krankenschwestern&#8221; (so was gibt es in Deutschland nicht) und Leute die mit dem Segelboot die Welt bereisen. Genau aus diesem Grund sind diese Angebote besonders geeignet.<\/p>\n<h1>Neuseeland<\/h1>\n<p><a href=\"https:\/\/www.privatebox.co.nz\/personal\/\" target=\"_blank\" rel=\"noopener\">Private Box<\/a> existiert schon lange und hatte immer einen guten Ruf in Sachen Datenschutz.<\/p>\n<p>&nbsp;<\/p>\n<h1>Deutschland<\/h1>\n<p>Einfach. Mit Abstand das beste Postfach ist <a href=\"https:\/\/www.mailboxde.com\/\" target=\"_blank\" rel=\"noopener\">mailboxde.com<\/a>\u00a0 Nachteil: Hat Mailbox in der Empfangsadresse. Sehr g\u00fcnstig, sehr zuverl\u00e4ssig, gutes Benutzerinterface.<\/p>\n<p>Von einigen unserer Konkurrenten empfohlen: <a href=\"https:\/\/www.bpm-lux.com\/de\/home.html\" target=\"_blank\" rel=\"noopener\">BPM-Lux.<\/a> Vergleichsweise teuer, soweit wir wissen, gab es einen Eigent\u00fcmerwechsel. Von uns nicht empfohlen.<\/p>\n<p>Ehrenvolle Erw\u00e4hnung: <a href=\"https:\/\/www.grenzpaket.ch\" target=\"_blank\" rel=\"noopener\">Grenzpaket<\/a>. Haupts\u00e4chlich f\u00fcr in der Schweiz lebende Personen. Es gibt einige Vorteile, da nicht alle Shops in die Nicht-EU-Schweiz liefern.<\/p>\n<p>&nbsp;<\/p>\n<h1>Andere gefragte L\u00e4nder<\/h1>\n<p>Beste L\u00f6sung f\u00fcr internationalen Postempfang, sogar L\u00e4nder wie Brasilien sind m\u00f6glich: <a href=\"https:\/\/ipostal1.com\/?ref=6883\" target=\"_blank\" rel=\"noopener\">iPostal1<\/a>.<\/p>\n<p>China: <a href=\"https:\/\/www.tiptrans.com\/\" target=\"_blank\" rel=\"noopener\">TipTrans<\/a> bietet zumindest eine Art Weiterleitung an. Wir haben keine pers\u00f6nlichen Erfahrungen mit diesem Anbieter. In Japan gibt es viele Mail\/Paket-Weiterleitungsdienste (z.B. <a href=\"https:\/\/blackship.com\/\" target=\"_blank\" rel=\"noopener\">Blackship<\/a>).<br \/>\nIn einigen L\u00e4ndern ist es notorisch schwierig, einen zuverl\u00e4ssigen Postfach-\/Mail-Weiterleitungsanbieter zu finden, der auch Bankpost empfangen kann. Folgende L\u00e4nder kommen in den Sinn:<br \/>\nChina, Hongkong, Panama, Brasilien. Sehr schwierig, dort einen zuverl\u00e4ssigen Service zu finden. Und nein, die Mailboxes Etc in Panama und Brasilien sind keine wirkliche Option. Wenn Sie gute Mail-Weiterleitungsanbieter kennen, die datenschutzorientiert sind, angemessen bepreist sind, kein &#8220;Mailbox, PO BOX&#8221; oder \u00e4hnliches in ihrer Mail-Empfangsadresse haben und eine anst\u00e4ndige Online-Mail-Management-Software haben, kontaktieren Sie uns bitte.<\/p>\n<h1>Weltweit<\/h1>\n<p>ClevverMail versucht, Maildrops in vielen Jurisdiktionen der Welt zu er\u00f6ffnen. Und es gibt Gr\u00fcnde, warum Sie sie <a href=\"https:\/\/expatcircle.com\/cms\/de\/drei-grunde-warum-sie-clevver-io-niemals-fur-firmengrundungen-oder-mail-weiterleitungen-nutzen-sollten\/\">NICHT nutzen sollten.<\/a><br \/>\n<a href=\"https:\/\/www.earthclassmail.com\/\" target=\"_blank\" rel=\"noopener\">Earthclassmail<\/a>, mittlerweile Teil von Legalzoom, ist vergleichsweise teuer und wird von uns nicht empfohlen.<\/p>\n<p>&nbsp;<\/p>\n<h1>Weitere Optionen:<\/h1>\n<p>Freunde oder bekannt fragen. Oft ist dies aber nicht sehr zuverl\u00e4ssig auf Dauer. Ich habe eine Zeit lang Post in einer Sprachschule erhalten, die ich besucht habe. Fragen kostet nichts.<\/p>\n<p>&nbsp;<\/p>\n<h1>Geisteradresse in Wyoming, Abmahnsicheres Impressum<\/h1>\n<p>Wie von <a href=\"https:\/\/expatcircle.com\/cms\/de\/jj-luna-wie-wird-man-unsichtbar\/\">JJ Luna<\/a> in &#8220;How to be invisible&#8221; empfohlen. <a href=\"https:\/\/expatcircle.com\/shop\/product\/Privacy2\/abmahnsicheres-impressum-geisteradresse?language=de-de\">Siehe in unserem Shop.<\/a><\/p>\n","protected":false},"excerpt":{"rendered":"<p>Ein erstklassiger Maildrop sollte folgende Eigenschaften haben: Datenschutzorientiert. Sammelt nicht mehr Informationen als n\u00f6tig. Gibt Daten nur bei gerichtlicher Anordnung weiter. Angemessen bepreist und keine undurchsichtige Preisgestaltung. Stabil. Die Adresse sollte sich nicht pl\u00f6tzlich zu einem anderen Standort \u00e4ndern. Ja, das kommt vor. Nicht offensichtlich ein Postfach. Nichts erregt mehr Verdacht als &#8220;Postfach, Mailbox, Empfangsdienst&#8221; [&hellip;]<\/p>\n","protected":false},"author":1,"featured_media":0,"parent":20,"menu_order":0,"comment_status":"closed","ping_status":"closed","template":"","meta":{"footnotes":"","_links_to":"","_links_to_target":""},"class_list":["post-212","page","type-page","status-publish","hentry"],"_links":{"self":[{"href":"https:\/\/expatcircle.com\/cms\/de\/wp-json\/wp\/v2\/pages\/212","targetHints":{"allow":["GET"]}}],"collection":[{"href":"https:\/\/expatcircle.com\/cms\/de\/wp-json\/wp\/v2\/pages"}],"about":[{"href":"https:\/\/expatcircle.com\/cms\/de\/wp-json\/wp\/v2\/types\/page"}],"author":[{"embeddable":true,"href":"https:\/\/expatcircle.com\/cms\/de\/wp-json\/wp\/v2\/users\/1"}],"replies":[{"embeddable":true,"href":"https:\/\/expatcircle.com\/cms\/de\/wp-json\/wp\/v2\/comments?post=212"}],"version-history":[{"count":9,"href":"https:\/\/expatcircle.com\/cms\/de\/wp-json\/wp\/v2\/pages\/212\/revisions"}],"predecessor-version":[{"id":1658,"href":"https:\/\/expatcircle.com\/cms\/de\/wp-json\/wp\/v2\/pages\/212\/revisions\/1658"}],"up":[{"embeddable":true,"href":"https:\/\/expatcircle.com\/cms\/de\/wp-json\/wp\/v2\/pages\/20"}],"wp:attachment":[{"href":"https:\/\/expatcircle.com\/cms\/de\/wp-json\/wp\/v2\/media?parent=212"}],"curies":[{"name":"wp","href":"https:\/\/api.w.org\/{rel}","templated":true}]}}