{"id":230,"date":"2024-03-01T13:52:29","date_gmt":"2024-03-01T13:52:29","guid":{"rendered":"https:\/\/expatcircle.com\/cms\/de\/?page_id=230"},"modified":"2024-03-01T15:10:14","modified_gmt":"2024-03-01T15:10:14","slug":"wie-erhalte-ich-kostenlos-den-gold-elite-status","status":"publish","type":"page","link":"https:\/\/expatcircle.com\/cms\/de\/reisen\/wie-erhalte-ich-kostenlos-den-gold-elite-status\/","title":{"rendered":"Kostenlos Gold Elite Status"},"content":{"rendered":"<p>Haben Sie bereits Goldstatus bei einer Fluggesellschaft \/ einer Allianz? Nun, jede Fluggesellschaft freut sich \u00fcber Gesch\u00e4fte und gute Kunden. Sie k\u00f6nnen also versuchen, andere Fluggesellschaften, vorzugsweise aus einem anderen Luftfahrtb\u00fcndnis, anzusprechen und h\u00f6flich darum bitten, Ihren Status anzugleichen. Ich hatte den Aeroflot Gold Elite Status, als ich viel zwischen Europa und Asien geflogen bin. Es ist eigentlich eine ziemlich gute Fluggesellschaft und die Tickets waren wirklich billig. Die Lounges in Moskau sind sch\u00f6n und das Essen ist gut. Aeroflot war das Sky Team, und ich wandte mich an Turkish Airlines, das Mitglied der Star Alliance ist, zeigte ihnen die letzten Monate meiner Meilentransaktionen mit Aeroflot und bat freundlich darum, den Status anzupassen. Turkish Airlines gab mir den Goldstatus kostenlos unter der Bedingung, dass ich in den n\u00e4chsten Monaten zwei internationale Fl\u00fcge mit Turkish buche. Das nennt man &#8220;eine Herausforderung&#8221;, und ich buchte die beiden Fl\u00fcge. Jetzt hatte ich den Sky Team und Star Alliance Goldstatus. Mit dem Status hat man folgende Vorteile:<\/p>\n<ul>\n<li>Bevorzugtes Einchecken<\/li>\n<li>Bevorzugte Gep\u00e4ckabfertigung<\/li>\n<li>Zugang zu den Lounges inkl. einem Gast<\/li>\n<li>Bevorzugte Buchung \/ Priorit\u00e4t auf der Warteliste<\/li>\n<li>Bevorzugtes Boarding<\/li>\n<li>Vorrang bei Standby<\/li>\n<li>Zus\u00e4tzliches Freigep\u00e4ck<\/li>\n<\/ul>\n<p>Nachdem ich eine Zeit lang Gold Elite bei Sky Team und Star Alliance hatte, wandte ich mich an LaTam von One World und bat sie, meinen Status anzupassen, was sie auch taten. Ich hatte also bei allen drei gro\u00dfen Allianzen Goldstatus (eigentlich Sapphire Status und Ruby Status bei One World).<\/p>\n<p><img loading=\"lazy\" decoding=\"async\" class=\"alignnone size-medium wp-image-69 aligncenter\" src=\"https:\/\/expatcircle.com\/cms\/de\/wp-content\/uploads\/2023\/11\/aa_gold_status-1-300x200.jpg\" alt=\"\" width=\"300\" height=\"200\" srcset=\"https:\/\/expatcircle.com\/cms\/de\/wp-content\/uploads\/2023\/11\/aa_gold_status-1-300x200.jpg 300w, https:\/\/expatcircle.com\/cms\/de\/wp-content\/uploads\/2023\/11\/aa_gold_status-1-1024x683.jpg 1024w, https:\/\/expatcircle.com\/cms\/de\/wp-content\/uploads\/2023\/11\/aa_gold_status-1-768x512.jpg 768w, https:\/\/expatcircle.com\/cms\/de\/wp-content\/uploads\/2023\/11\/aa_gold_status-1.jpg 1200w\" sizes=\"auto, (max-width: 300px) 100vw, 300px\" \/><\/p>\n<p>Die Statusanpassung ist noch nicht alles. Viele Autovermietungen und Hotelketten sind bereit, den Status f\u00fcr einen guten Kunden anzupassen. Bestimmte Reiseveranstalter gleichen Ihren Status aus dem Treueprogramm mit dem ihrer Konkurrenten ab. Diese Website hilft Ihnen, das herauszufinden: <a href=\"https:\/\/statusmatcher.com\/\" target=\"_blank\" rel=\"noopener\">statusmatcher.com<\/a><\/p>\n<p>Bitte beachten Sie auch unsere allgemeinen Informationen \u00fcber das Sammeln von <a href=\"https:\/\/expatcircle.com\/cms\/de\/travel\/find-and-book-flights\/\">Treuepr\u00e4mien.<\/a><\/p>\n","protected":false},"excerpt":{"rendered":"<p>Haben Sie bereits Goldstatus bei einer Fluggesellschaft \/ einer Allianz? Nun, jede Fluggesellschaft freut sich \u00fcber Gesch\u00e4fte und gute Kunden. Sie k\u00f6nnen also versuchen, andere Fluggesellschaften, vorzugsweise aus einem anderen Luftfahrtb\u00fcndnis, anzusprechen und h\u00f6flich darum bitten, Ihren Status anzugleichen. Ich hatte den Aeroflot Gold Elite Status, als ich viel zwischen Europa und Asien geflogen bin. [&hellip;]<\/p>\n","protected":false},"author":1,"featured_media":0,"parent":18,"menu_order":0,"comment_status":"closed","ping_status":"closed","template":"","meta":{"footnotes":"","_links_to":"","_links_to_target":""},"class_list":["post-230","page","type-page","status-publish","hentry"],"_links":{"self":[{"href":"https:\/\/expatcircle.com\/cms\/de\/wp-json\/wp\/v2\/pages\/230","targetHints":{"allow":["GET"]}}],"collection":[{"href":"https:\/\/expatcircle.com\/cms\/de\/wp-json\/wp\/v2\/pages"}],"about":[{"href":"https:\/\/expatcircle.com\/cms\/de\/wp-json\/wp\/v2\/types\/page"}],"author":[{"embeddable":true,"href":"https:\/\/expatcircle.com\/cms\/de\/wp-json\/wp\/v2\/users\/1"}],"replies":[{"embeddable":true,"href":"https:\/\/expatcircle.com\/cms\/de\/wp-json\/wp\/v2\/comments?post=230"}],"version-history":[{"count":2,"href":"https:\/\/expatcircle.com\/cms\/de\/wp-json\/wp\/v2\/pages\/230\/revisions"}],"predecessor-version":[{"id":238,"href":"https:\/\/expatcircle.com\/cms\/de\/wp-json\/wp\/v2\/pages\/230\/revisions\/238"}],"up":[{"embeddable":true,"href":"https:\/\/expatcircle.com\/cms\/de\/wp-json\/wp\/v2\/pages\/18"}],"wp:attachment":[{"href":"https:\/\/expatcircle.com\/cms\/de\/wp-json\/wp\/v2\/media?parent=230"}],"curies":[{"name":"wp","href":"https:\/\/api.w.org\/{rel}","templated":true}]}}