{"id":248,"date":"2024-03-01T17:47:45","date_gmt":"2024-03-01T17:47:45","guid":{"rendered":"https:\/\/expatcircle.com\/cms\/de\/?page_id=248"},"modified":"2024-04-13T21:02:03","modified_gmt":"2024-04-13T21:02:03","slug":"flaggenkonzept","status":"publish","type":"page","link":"https:\/\/expatcircle.com\/cms\/de\/flaggen\/flaggenkonzept\/","title":{"rendered":"Flaggenkonzept"},"content":{"rendered":"<p>Was ist das Flaggenkonzept?<\/p>\n<p>Die Staaten versuchen aus ihren B\u00fcrgern maximale Steuers\u00e4tze herauszupressen.\u00a0 Der B\u00fcrger wird durch Gesetze, Vorschriften und Abgaben geg\u00e4ngelt bis zum Gehtnichtmehr. Die Vorstellung, dass sich durch Wahlen etwas \u00e4ndern k\u00f6nnte, bewahrheitet sich nicht. Gleichzeitig steht die Welt vor gro\u00dfen Herausforderungen und Ver\u00e4nderungen, die niemand im Detail vorhersagen kann.<\/p>\n<p>Die einzige Chance den G\u00e4ngelungen des Staates zu entgehen und sich auf die Zukunft vorzubereiten ist, seine pers\u00f6nlichen und wirtschaftlichen Interessen auf verschiedene Jurisdiktionen, sprich L\u00e4nder zu verteilen. Das Konzept ist als PT bekannt und wird hier von uns ausf\u00fchrlich erkl\u00e4rt.<\/p>\n<ul>\n<li><a href=\"https:\/\/expatcircle.com\/cms\/de\/einfuhrung-pt-die-sechs-flaggen-theorie-was-ist-ein-pt\/\">Was ist ein PT?<\/a><\/li>\n<li><a href=\"https:\/\/expatcircle.com\/cms\/de\/einfuhrung-pt-die-sechs-flaggen-erklart\/\">Die sechs Flaggen erkl\u00e4rt<\/a><\/li>\n<\/ul>\n<p>Da die Welt Ver\u00e4nderungen unterliegt, unterliegt auch das Konzept Ver\u00e4nderungen.<\/p>\n<p>Das Konzept \u00e4hnelt \u00fcbrigens entfernt einem chinesischen Sprichwort: Der clevere Hase hat drei Bauten.\u00a0 \u72e1\u5154\u4e09\u7a9f Es muss immer einen Ort zum Ausweichen geben.<\/p>\n<p><img loading=\"lazy\" decoding=\"async\" class=\"alignnone wp-image-244\" src=\"https:\/\/expatcircle.com\/cms\/wp-content\/uploads\/2024\/04\/cunning_rabbit.webp\" alt=\"\" width=\"509\" height=\"345\" \/><\/p>\n<p>Neben der geostrategischen Diversifizierung kann man auch sagen, ein Profi ist jemand, der einen Backup-Plan hat. Was ist Ihrer?<\/p>\n","protected":false},"excerpt":{"rendered":"<p>Was ist das Flaggenkonzept? Die Staaten versuchen aus ihren B\u00fcrgern maximale Steuers\u00e4tze herauszupressen.\u00a0 Der B\u00fcrger wird durch Gesetze, Vorschriften und Abgaben geg\u00e4ngelt bis zum Gehtnichtmehr. Die Vorstellung, dass sich durch Wahlen etwas \u00e4ndern k\u00f6nnte, bewahrheitet sich nicht. Gleichzeitig steht die Welt vor gro\u00dfen Herausforderungen und Ver\u00e4nderungen, die niemand im Detail vorhersagen kann. Die einzige Chance [&hellip;]<\/p>\n","protected":false},"author":1,"featured_media":0,"parent":14,"menu_order":0,"comment_status":"closed","ping_status":"closed","template":"","meta":{"footnotes":"","_links_to":"","_links_to_target":""},"class_list":["post-248","page","type-page","status-publish","hentry"],"_links":{"self":[{"href":"https:\/\/expatcircle.com\/cms\/de\/wp-json\/wp\/v2\/pages\/248","targetHints":{"allow":["GET"]}}],"collection":[{"href":"https:\/\/expatcircle.com\/cms\/de\/wp-json\/wp\/v2\/pages"}],"about":[{"href":"https:\/\/expatcircle.com\/cms\/de\/wp-json\/wp\/v2\/types\/page"}],"author":[{"embeddable":true,"href":"https:\/\/expatcircle.com\/cms\/de\/wp-json\/wp\/v2\/users\/1"}],"replies":[{"embeddable":true,"href":"https:\/\/expatcircle.com\/cms\/de\/wp-json\/wp\/v2\/comments?post=248"}],"version-history":[{"count":4,"href":"https:\/\/expatcircle.com\/cms\/de\/wp-json\/wp\/v2\/pages\/248\/revisions"}],"predecessor-version":[{"id":359,"href":"https:\/\/expatcircle.com\/cms\/de\/wp-json\/wp\/v2\/pages\/248\/revisions\/359"}],"up":[{"embeddable":true,"href":"https:\/\/expatcircle.com\/cms\/de\/wp-json\/wp\/v2\/pages\/14"}],"wp:attachment":[{"href":"https:\/\/expatcircle.com\/cms\/de\/wp-json\/wp\/v2\/media?parent=248"}],"curies":[{"name":"wp","href":"https:\/\/api.w.org\/{rel}","templated":true}]}}