{"id":252,"date":"2024-03-01T17:48:55","date_gmt":"2024-03-01T17:48:55","guid":{"rendered":"https:\/\/expatcircle.com\/cms\/de\/?page_id=252"},"modified":"2025-08-03T14:40:55","modified_gmt":"2025-08-03T14:40:55","slug":"zweite-staatsangehorigkeit-ihr-weg-zum-zweiten-pass","status":"publish","type":"page","link":"https:\/\/expatcircle.com\/cms\/de\/flaggen\/zweite-staatsangehorigkeit-ihr-weg-zum-zweiten-pass\/","title":{"rendered":"Zweite Staatsangeh\u00f6rigkeit: Ihr Weg zum zweiten Pass"},"content":{"rendered":"<table border=\"1\">\n<tbody>\n<tr>\n<th>Country Flagge<\/th>\n<th>Name \/ Programm<\/th>\n<th>Bemerkungen\/Interessante Punkte<\/th>\n<\/tr>\n<tr>\n<td style=\"text-align: center;\"><img decoding=\"async\" style=\"width: 50px; height: auto; border: 1px solid black;\" src=\"https:\/\/expatcircle.com\/cms\/wp-content\/uploads\/2024\/05\/al.png\" alt=\"Albanien Flagge\" \/><\/td>\n<td>Albanien<\/td>\n<td><\/td>\n<\/tr>\n<tr>\n<td style=\"text-align: center;\"><img decoding=\"async\" style=\"width: 50px; height: auto; border: 1px solid black;\" src=\"https:\/\/expatcircle.com\/cms\/wp-content\/uploads\/2024\/05\/ad.png\" alt=\"Andorra Flagge\" \/><\/td>\n<td>Andorra<\/td>\n<td><\/td>\n<\/tr>\n<tr>\n<td style=\"text-align: center;\"><img decoding=\"async\" style=\"width: 50px; height: auto; border: 1px solid black;\" src=\"https:\/\/expatcircle.com\/cms\/wp-content\/uploads\/2024\/05\/ag.png\" alt=\"Antigua und Barbuda Flagge\" \/><\/td>\n<td>Antigua und Barbuda<\/td>\n<td><\/td>\n<\/tr>\n<tr>\n<td style=\"text-align: center;\"><img decoding=\"async\" style=\"width: 50px; height: auto; border: 1px solid black;\" src=\"https:\/\/expatcircle.com\/cms\/wp-content\/uploads\/2024\/05\/ar.png\" alt=\"Argentinien Flagge\" \/><\/td>\n<td>Argentinien<\/td>\n<td><\/td>\n<\/tr>\n<tr>\n<td style=\"text-align: center;\"><img decoding=\"async\" style=\"width: 50px; height: auto; border: 1px solid black;\" src=\"https:\/\/expatcircle.com\/cms\/wp-content\/uploads\/2024\/05\/am.png\" alt=\"Armenien Flagge\" \/><\/td>\n<td>Armenien<\/td>\n<td><\/td>\n<\/tr>\n<tr>\n<td style=\"text-align: center;\"><img decoding=\"async\" style=\"width: 50px; height: auto; border: 1px solid black;\" src=\"https:\/\/expatcircle.com\/cms\/wp-content\/uploads\/2024\/05\/au.png\" alt=\"Australien Flagge\" \/><\/td>\n<td>Australien<\/td>\n<td><\/td>\n<\/tr>\n<tr>\n<td style=\"text-align: center;\"><img decoding=\"async\" style=\"width: 50px; height: auto; border: 1px solid black;\" src=\"https:\/\/expatcircle.com\/cms\/wp-content\/uploads\/2024\/05\/bs.png\" alt=\"Bahamas Flagge\" \/><\/td>\n<td>Bahamas<\/td>\n<td><\/td>\n<\/tr>\n<tr>\n<td style=\"text-align: center;\"><img decoding=\"async\" style=\"width: 50px; height: auto; border: 1px solid black;\" src=\"https:\/\/expatcircle.com\/cms\/wp-content\/uploads\/2024\/05\/bz.png\" alt=\"Belize Flagge\" \/><\/td>\n<td>Belize<\/td>\n<td><\/td>\n<\/tr>\n<tr>\n<td style=\"text-align: center;\"><img decoding=\"async\" style=\"width: 50px; height: auto; border: 1px solid black;\" src=\"https:\/\/expatcircle.com\/cms\/wp-content\/uploads\/2024\/05\/br.png\" alt=\"Brasilien Flagge\" \/><\/td>\n<td><a href=\"https:\/\/expatcircle.com\/cms\/de\/aufenthaltsgenehmigung-fur-brasilien-mit-option-auf-die-staatsburgerschaft\/\">Brasilien<\/a><\/td>\n<td>BRIC Mitglied, Merscosur Mitglied.<\/p>\n<p>Aufenthaltsgenehmigung ab 100k Euro.<\/td>\n<\/tr>\n<tr>\n<td style=\"text-align: center;\"><img decoding=\"async\" style=\"width: 50px; height: auto; border: 1px solid black;\" src=\"https:\/\/expatcircle.com\/cms\/wp-content\/uploads\/2024\/05\/bg.png\" alt=\"Bulgarien Flagge\" \/><\/td>\n<td>Bulgarien<\/td>\n<td><\/td>\n<\/tr>\n<tr>\n<td style=\"text-align: center;\"><img decoding=\"async\" style=\"width: 50px; height: auto; border: 1px solid black;\" src=\"https:\/\/expatcircle.com\/cms\/wp-content\/uploads\/2024\/05\/ky.png\" alt=\"Cayman Islands Flagge\" \/><\/td>\n<td>Cayman Islands<\/td>\n<td><\/td>\n<\/tr>\n<tr>\n<td style=\"text-align: center;\"><img decoding=\"async\" style=\"width: 50px; height: auto; border: 1px solid black;\" src=\"https:\/\/expatcircle.com\/cms\/wp-content\/uploads\/2024\/05\/cl.png\" alt=\"Chile Flagge\" \/><\/td>\n<td>Chile<\/td>\n<td><\/td>\n<\/tr>\n<tr>\n<td style=\"text-align: center;\"><img decoding=\"async\" style=\"width: 50px; height: auto; border: 1px solid black;\" src=\"https:\/\/expatcircle.com\/cms\/wp-content\/uploads\/2024\/05\/cn.png\" alt=\"China Flagge\" \/><\/td>\n<td>China<\/td>\n<td><\/td>\n<\/tr>\n<tr>\n<td style=\"text-align: center;\"><img decoding=\"async\" style=\"width: 50px; height: auto; border: 1px solid black;\" src=\"https:\/\/expatcircle.com\/cms\/wp-content\/uploads\/2024\/05\/cr.png\" alt=\"Costa Rica Flagge\" \/><\/td>\n<td>Costa Rica<\/td>\n<td><\/td>\n<\/tr>\n<tr>\n<td style=\"text-align: center;\"><img decoding=\"async\" style=\"width: 50px; height: auto; border: 1px solid black;\" src=\"https:\/\/expatcircle.com\/cms\/wp-content\/uploads\/2024\/05\/de.png\" alt=\"Deutschland Flagge\" \/><\/td>\n<td>Deutschland<\/td>\n<td><\/td>\n<\/tr>\n<tr>\n<td style=\"text-align: center;\"><img decoding=\"async\" style=\"width: 50px; height: auto; border: 1px solid black;\" src=\"https:\/\/expatcircle.com\/cms\/wp-content\/uploads\/2024\/05\/do.png\" alt=\"Dominikanische Republik Flagge\" \/><\/td>\n<td>Dominikanische Republik<\/td>\n<td><\/td>\n<\/tr>\n<tr>\n<td style=\"text-align: center;\"><img decoding=\"async\" style=\"width: 50px; height: auto; border: 1px solid black;\" src=\"https:\/\/expatcircle.com\/cms\/wp-content\/uploads\/2024\/05\/ae.png\" alt=\"Dubai (Vereinigte Arabische Emirate) Flagge\" \/><\/td>\n<td>Dubai (Vereinigte Arabische Emirate)<\/td>\n<td><\/td>\n<\/tr>\n<tr>\n<td style=\"text-align: center;\"><img decoding=\"async\" style=\"width: 50px; height: auto; border: 1px solid black;\" src=\"https:\/\/expatcircle.com\/cms\/wp-content\/uploads\/2024\/05\/ec.png\" alt=\"Ecuador Flagge\" \/><\/td>\n<td>Ecuador<\/td>\n<td><\/td>\n<\/tr>\n<tr>\n<td style=\"text-align: center;\"><img decoding=\"async\" style=\"width: 50px; height: auto; border: 1px solid black;\" src=\"https:\/\/expatcircle.com\/cms\/wp-content\/uploads\/2024\/05\/eu.png\" alt=\"Europ\u00e4ische Union Flagge\" \/><\/td>\n<td><a href=\"https:\/\/expatcircle.com\/cms\/residency-in-europe-expanding-to-europe-combine-it-with-a-residency-option\/\">Europ\u00e4ische Union<\/a><\/td>\n<td>\n<p dir=\"auto\">Investieren Sie in ein europ\u00e4isches Land Ihrer Wahl. Erhalten Sie zus\u00e4tzlich<\/p>\n<p dir=\"auto\">eine Aufenthaltsgenehmigung mit minimalen Aufenthaltsanforderungen.<\/p>\n<\/td>\n<\/tr>\n<tr>\n<td style=\"text-align: center;\"><img decoding=\"async\" style=\"width: 50px; height: auto; border: 1px solid black;\" src=\"https:\/\/expatcircle.com\/cms\/wp-content\/uploads\/2024\/05\/pf.png\" alt=\"Franz\u00f6sisch-Polynesien Flagge\" \/><\/td>\n<td>Franz\u00f6sisch-Polynesien (inkl. Tahiti)<\/td>\n<td><\/td>\n<\/tr>\n<tr>\n<td style=\"text-align: center;\"><img decoding=\"async\" style=\"width: 50px; height: auto; border: 1px solid black;\" src=\"https:\/\/expatcircle.com\/cms\/wp-content\/uploads\/2024\/05\/ge-1.png\" alt=\"Georgien Flagge\" \/><\/td>\n<td><a href=\"https:\/\/expatcircle.com\/cms\/de\/auswanderungsziel-georgien\/\">Georgien Residency<\/a><\/td>\n<td>Steuern<\/td>\n<\/tr>\n<tr>\n<td style=\"text-align: center;\"><img decoding=\"async\" style=\"width: 50px; height: auto; border: 1px solid black;\" src=\"https:\/\/expatcircle.com\/cms\/wp-content\/uploads\/2024\/05\/gi.png\" alt=\"Gibraltar Flagge\" \/><\/td>\n<td>Gibraltar<\/td>\n<td><\/td>\n<\/tr>\n<tr>\n<td style=\"text-align: center;\"><img decoding=\"async\" style=\"width: 50px; height: auto; border: 1px solid black;\" src=\"https:\/\/expatcircle.com\/cms\/wp-content\/uploads\/2024\/05\/gr.png\" alt=\"Griechenland Flagge\" \/><\/td>\n<td>Griechenland<\/td>\n<td><\/td>\n<\/tr>\n<tr>\n<td style=\"text-align: center;\"><img decoding=\"async\" style=\"width: 50px; height: auto; border: 1px solid black;\" src=\"https:\/\/expatcircle.com\/cms\/wp-content\/uploads\/2024\/05\/gt.png\" alt=\"Guatemala Flagge\" \/><\/td>\n<td>Guatemala<\/td>\n<td><\/td>\n<\/tr>\n<tr>\n<td style=\"text-align: center;\"><img decoding=\"async\" style=\"width: 50px; height: auto; border: 1px solid black;\" src=\"https:\/\/expatcircle.com\/cms\/wp-content\/uploads\/2024\/05\/gg.png\" alt=\"Guernsey Flagge\" \/><\/td>\n<td>Guernsey<\/td>\n<td><\/td>\n<\/tr>\n<tr>\n<td style=\"text-align: center;\"><img decoding=\"async\" style=\"width: 50px; height: auto; border: 1px solid black;\" src=\"https:\/\/expatcircle.com\/cms\/wp-content\/uploads\/2024\/05\/hk-1.png\" alt=\"Hong Kong Flagge\" \/><\/td>\n<td><a href=\"https:\/\/expatcircle.com\/cms\/de\/hongkong-das-new-capital-investment-entrant-scheme-kann-ab-dem-1-marz-2024-beantragt-werden\/\">Hong Kong Golden Visa<\/a><\/td>\n<td>Steuern. High Net Worth Individuals<\/td>\n<\/tr>\n<tr>\n<td style=\"text-align: center;\"><img decoding=\"async\" style=\"width: 50px; height: auto; border: 1px solid black;\" src=\"https:\/\/expatcircle.com\/cms\/wp-content\/uploads\/2024\/05\/id.png\" alt=\"Indonesien Flagge\" \/><\/td>\n<td>Indonesien<\/td>\n<td><\/td>\n<\/tr>\n<tr>\n<td style=\"text-align: center;\"><img decoding=\"async\" style=\"width: 50px; height: auto; border: 1px solid black;\" src=\"https:\/\/expatcircle.com\/cms\/wp-content\/uploads\/2024\/05\/ie.png\" alt=\"Irland Flagge\" \/><\/td>\n<td>Irland<\/td>\n<td><\/td>\n<\/tr>\n<tr>\n<td style=\"text-align: center;\"><img decoding=\"async\" style=\"width: 50px; height: auto; border: 1px solid black;\" src=\"https:\/\/expatcircle.com\/cms\/wp-content\/uploads\/2024\/05\/im.png\" alt=\"Isle of Man Flagge\" \/><\/td>\n<td>Isle of Man<\/td>\n<td><\/td>\n<\/tr>\n<tr>\n<td style=\"text-align: center;\"><img decoding=\"async\" style=\"width: 50px; height: auto; border: 1px solid black;\" src=\"https:\/\/expatcircle.com\/cms\/wp-content\/uploads\/2024\/05\/il.png\" alt=\"Israel Flagge\" \/><\/td>\n<td>Israel<\/td>\n<td><\/td>\n<\/tr>\n<tr>\n<td style=\"text-align: center;\"><img decoding=\"async\" style=\"width: 50px; height: auto; border: 1px solid black;\" src=\"https:\/\/expatcircle.com\/cms\/wp-content\/uploads\/2024\/05\/it.png\" alt=\"Italien Flagge\" \/><\/td>\n<td>Italien<\/td>\n<td><\/td>\n<\/tr>\n<tr>\n<td style=\"text-align: center;\"><img decoding=\"async\" style=\"width: 50px; height: auto; border: 1px solid black;\" src=\"https:\/\/expatcircle.com\/cms\/wp-content\/uploads\/2024\/05\/jp.png\" alt=\"Japan Flagge\" \/><\/td>\n<td>Japan<\/td>\n<td><\/td>\n<\/tr>\n<tr>\n<td style=\"text-align: center;\"><img decoding=\"async\" style=\"width: 50px; height: auto; border: 1px solid black;\" src=\"https:\/\/expatcircle.com\/cms\/wp-content\/uploads\/2024\/05\/je.png\" alt=\"Jersey Flagge\" \/><\/td>\n<td>Jersey<\/td>\n<td><\/td>\n<\/tr>\n<tr>\n<td style=\"text-align: center;\"><img decoding=\"async\" style=\"width: 50px; height: auto; border: 1px solid black;\" src=\"https:\/\/expatcircle.com\/cms\/wp-content\/uploads\/2024\/05\/kh.png\" alt=\"Kambodscha Flagge\" \/><\/td>\n<td><a href=\"https:\/\/expatcircle.com\/cms\/cambodia-my-second-home\/\">Kambodscha Aufenthaltsprogramm (CM2H)<\/a><\/td>\n<td>Investition ab USD 100.000. Keine Mindestaufenthaltszeit.<\/td>\n<\/tr>\n<tr>\n<td style=\"text-align: center;\"><img decoding=\"async\" style=\"width: 50px; height: auto; border: 1px solid black;\" src=\"https:\/\/expatcircle.com\/cms\/wp-content\/uploads\/2024\/05\/ca.png\" alt=\"Kanada Flagge\" \/><\/td>\n<td>Kanada<\/td>\n<td><\/td>\n<\/tr>\n<tr>\n<td style=\"text-align: center;\"><img decoding=\"async\" style=\"width: 50px; height: auto; border: 1px solid black;\" src=\"https:\/\/expatcircle.com\/cms\/wp-content\/uploads\/2024\/05\/co.png\" alt=\"Kolumbien Flagge\" \/><\/td>\n<td>Kolumbien<\/td>\n<td><\/td>\n<\/tr>\n<tr>\n<td style=\"text-align: center;\"><img decoding=\"async\" style=\"width: 50px; height: auto; border: 1px solid black;\" src=\"https:\/\/expatcircle.com\/cms\/wp-content\/uploads\/2024\/05\/li.png\" alt=\"Liechtenstein Flagge\" \/><\/td>\n<td>Liechtenstein<\/td>\n<td><\/td>\n<\/tr>\n<tr>\n<td style=\"text-align: center;\"><img decoding=\"async\" style=\"width: 50px; height: auto; border: 1px solid black;\" src=\"https:\/\/expatcircle.com\/cms\/wp-content\/uploads\/2024\/05\/lu.png\" alt=\"Luxembourg Flagge\" \/><\/td>\n<td>Luxemburg<\/td>\n<td><\/td>\n<\/tr>\n<tr>\n<td style=\"text-align: center;\"><img decoding=\"async\" style=\"width: 50px; height: auto; border: 1px solid black;\" src=\"https:\/\/expatcircle.com\/cms\/wp-content\/uploads\/2024\/05\/mo.png\" alt=\"Macao Flagge\" \/><\/td>\n<td><a href=\"https:\/\/expatcircle.com\/cms\/macau-residency-by-investment\/\">Macao Aufenthaltsprogramm<\/a><\/td>\n<td>Keine Einkommenssteuer. Investoren und Fachkr\u00e4fte.<\/td>\n<\/tr>\n<tr>\n<td style=\"text-align: center;\"><img decoding=\"async\" style=\"width: 50px; height: auto; border: 1px solid black;\" src=\"https:\/\/expatcircle.com\/cms\/wp-content\/uploads\/2024\/05\/my.png\" alt=\"Malaysia Flagge\" \/><\/td>\n<td><a href=\"https:\/\/expatcircle.com\/cms\/malaysia-my-second-home\/\">Malaysia My Second Home (MM2H)<\/a><\/td>\n<td>Investition ab MYR 500.000. Steuervorteile.<\/td>\n<\/tr>\n<tr>\n<td style=\"text-align: center;\"><img decoding=\"async\" style=\"width: 50px; height: auto; border: 1px solid black;\" src=\"https:\/\/expatcircle.com\/cms\/wp-content\/uploads\/2024\/05\/mt.png\" alt=\"Malta Flagge\" \/><\/td>\n<td>Malta<\/td>\n<td><\/td>\n<\/tr>\n<tr>\n<td style=\"text-align: center;\"><img decoding=\"async\" style=\"width: 50px; height: auto; border: 1px solid black;\" src=\"https:\/\/expatcircle.com\/cms\/wp-content\/uploads\/2024\/05\/mu.png\" alt=\"Mauritius Flagge\" \/><\/td>\n<td>Mauritius<\/td>\n<td><\/td>\n<\/tr>\n<tr>\n<td style=\"text-align: center;\"><img decoding=\"async\" style=\"width: 50px; height: auto; border: 1px solid black;\" src=\"https:\/\/expatcircle.com\/cms\/wp-content\/uploads\/2024\/05\/mx.png\" alt=\"Mexiko Flagge\" \/><\/td>\n<td>Mexiko<\/td>\n<td><\/td>\n<\/tr>\n<tr>\n<td style=\"text-align: center;\"><img decoding=\"async\" style=\"width: 50px; height: auto; border: 1px solid black;\" src=\"https:\/\/expatcircle.com\/cms\/wp-content\/uploads\/2024\/05\/md.png\" alt=\"Moldau Flagge\" \/><\/td>\n<td>Moldau<\/td>\n<td><\/td>\n<\/tr>\n<tr>\n<td style=\"text-align: center;\"><img decoding=\"async\" style=\"width: 50px; height: auto; border: 1px solid black;\" src=\"https:\/\/expatcircle.com\/cms\/wp-content\/uploads\/2024\/05\/mn.png\" alt=\"Mongolei Flagge\" \/><\/td>\n<td>Mongolei<\/td>\n<td><\/td>\n<\/tr>\n<tr>\n<td style=\"text-align: center;\"><img decoding=\"async\" style=\"width: 50px; height: auto; border: 1px solid black;\" src=\"https:\/\/expatcircle.com\/cms\/wp-content\/uploads\/2024\/05\/mc.png\" alt=\"Monaco Flagge\" \/><\/td>\n<td>Monaco<\/td>\n<td><\/td>\n<\/tr>\n<tr>\n<td style=\"text-align: center;\"><img decoding=\"async\" style=\"width: 50px; height: auto; border: 1px solid black;\" src=\"https:\/\/expatcircle.com\/cms\/wp-content\/uploads\/2024\/05\/me.png\" alt=\"Montenegro Flagge\" \/><\/td>\n<td>Montenegro<\/td>\n<td><\/td>\n<\/tr>\n<tr>\n<td style=\"text-align: center;\"><img decoding=\"async\" style=\"width: 50px; height: auto; border: 1px solid black;\" src=\"https:\/\/expatcircle.com\/cms\/wp-content\/uploads\/2024\/05\/na.png\" alt=\"Namibia Flagge\" \/><\/td>\n<td>Namibia<\/td>\n<td><\/td>\n<\/tr>\n<tr>\n<td style=\"text-align: center;\"><img decoding=\"async\" style=\"width: 50px; height: auto; border: 1px solid black;\" src=\"https:\/\/expatcircle.com\/cms\/wp-content\/uploads\/2024\/05\/nz.png\" alt=\"Neuseeland Flagge\" \/><\/td>\n<td>Neuseeland<\/td>\n<td><\/td>\n<\/tr>\n<tr>\n<td style=\"text-align: center;\"><img decoding=\"async\" style=\"width: 50px; height: auto; border: 1px solid black;\" src=\"https:\/\/expatcircle.com\/cms\/wp-content\/uploads\/2024\/05\/ni.png\" alt=\"Nicaragua Flagge\" \/><\/td>\n<td>Nicaragua<\/td>\n<td><\/td>\n<\/tr>\n<tr>\n<td style=\"text-align: center;\"><img decoding=\"async\" style=\"width: 50px; height: auto; border: 1px solid black;\" src=\"https:\/\/expatcircle.com\/cms\/wp-content\/uploads\/2024\/05\/mk.png\" alt=\"Nordmazedonien Flagge\" \/><\/td>\n<td>Nordmazedonien<\/td>\n<td><\/td>\n<\/tr>\n<tr>\n<td style=\"text-align: center;\"><img decoding=\"async\" style=\"width: 50px; height: auto; border: 1px solid black;\" src=\"https:\/\/expatcircle.com\/cms\/wp-content\/uploads\/2024\/05\/cy.png\" alt=\"Nordzypern Flagge\" \/><\/td>\n<td>Nordzypern<\/td>\n<td><\/td>\n<\/tr>\n<tr>\n<td style=\"text-align: center;\"><img decoding=\"async\" style=\"width: 50px; height: auto; border: 1px solid black;\" src=\"https:\/\/expatcircle.com\/cms\/wp-content\/uploads\/2024\/05\/om.png\" alt=\"Oman Flagge\" \/><\/td>\n<td><a href=\"https:\/\/expatcircle.com\/cms\/de\/auswanderungsziel-oman\/\">Oman<\/a><\/td>\n<td>\u00a0Steuern<\/td>\n<\/tr>\n<tr>\n<td style=\"text-align: center;\"><img decoding=\"async\" style=\"width: 50px; height: auto; border: 1px solid black;\" src=\"https:\/\/expatcircle.com\/cms\/wp-content\/uploads\/2024\/05\/at.png\" alt=\"\u00d6sterreich Flagge\" \/><\/td>\n<td>\u00d6sterreich<\/td>\n<td><\/td>\n<\/tr>\n<tr>\n<td style=\"text-align: center;\"><img decoding=\"async\" style=\"width: 50px; height: auto; border: 1px solid black;\" src=\"https:\/\/expatcircle.com\/cms\/wp-content\/uploads\/2024\/05\/pa.png\" alt=\"Panama Flagge\" \/><\/td>\n<td>Panama<\/td>\n<td><\/td>\n<\/tr>\n<tr>\n<td style=\"text-align: center;\"><img decoding=\"async\" style=\"width: 50px; height: auto; border: 1px solid black;\" src=\"https:\/\/expatcircle.com\/cms\/wp-content\/uploads\/2024\/05\/py.png\" alt=\"Paraguay Flagge\" \/><\/td>\n<td>Paraguay<\/td>\n<td><\/td>\n<\/tr>\n<tr>\n<td style=\"text-align: center;\"><img decoding=\"async\" style=\"width: 50px; height: auto; border: 1px solid black;\" src=\"https:\/\/expatcircle.com\/cms\/wp-content\/uploads\/2024\/05\/ph.png\" alt=\"Philippinen Flagge\" \/><\/td>\n<td>Philippinen<\/td>\n<td><\/td>\n<\/tr>\n<tr>\n<td style=\"text-align: center;\"><img decoding=\"async\" style=\"width: 50px; height: auto; border: 1px solid black;\" src=\"https:\/\/expatcircle.com\/cms\/wp-content\/uploads\/2024\/05\/pt.png\" alt=\"Portugal Flagge\" \/><\/td>\n<td>Portugal<\/td>\n<td><\/td>\n<\/tr>\n<tr>\n<td style=\"text-align: center;\"><img decoding=\"async\" style=\"width: 50px; height: auto; border: 1px solid black;\" src=\"https:\/\/expatcircle.com\/cms\/wp-content\/uploads\/2024\/05\/ro.png\" alt=\"Rum\u00e4nien Flagge\" \/><\/td>\n<td>Rum\u00e4nien<\/td>\n<td><\/td>\n<\/tr>\n<tr>\n<td style=\"text-align: center;\"><img decoding=\"async\" style=\"width: 50px; height: auto; border: 1px solid black;\" src=\"https:\/\/expatcircle.com\/cms\/wp-content\/uploads\/2024\/05\/ru-1.png\" alt=\"Russland Flagge\" \/><\/td>\n<td><a href=\"https:\/\/expatcircle.com\/cms\/de\/goldene-passe-fur-investoren-in-russland\/\">Russland Goldenes Visa<\/a><\/td>\n<td>Steuern. BRICS+<\/td>\n<\/tr>\n<tr>\n<td style=\"text-align: center;\"><img decoding=\"async\" style=\"width: 50px; height: auto; border: 1px solid black;\" src=\"https:\/\/expatcircle.com\/cms\/wp-content\/uploads\/2024\/05\/kn.png\" alt=\"St. Kitts und Nevis Flagge\" \/><\/td>\n<td>St. Kitts und Nevis<\/td>\n<td><\/td>\n<\/tr>\n<tr>\n<td style=\"text-align: center;\"><img decoding=\"async\" style=\"width: 50px; height: auto; border: 1px solid black;\" src=\"https:\/\/expatcircle.com\/cms\/wp-content\/uploads\/2024\/05\/tz.png\" alt=\"Sansibar Flagge\" \/><\/td>\n<td>Sansibar (Teil von Tansania)<\/td>\n<td><\/td>\n<\/tr>\n<tr>\n<td style=\"text-align: center;\"><img decoding=\"async\" style=\"width: 50px; height: auto; border: 1px solid black;\" src=\"https:\/\/expatcircle.com\/cms\/wp-content\/uploads\/2024\/05\/ch.png\" alt=\"Schweiz Flagge\" \/><\/td>\n<td>Schweiz<\/td>\n<td><\/td>\n<\/tr>\n<tr>\n<td style=\"text-align: center;\"><img decoding=\"async\" style=\"width: 50px; height: auto; border: 1px solid black;\" src=\"https:\/\/expatcircle.com\/cms\/wp-content\/uploads\/2024\/05\/rs.png\" alt=\"Serbien Flagge\" \/><\/td>\n<td>Serbien<\/td>\n<td><\/td>\n<\/tr>\n<tr>\n<td style=\"text-align: center;\"><img decoding=\"async\" style=\"width: 50px; height: auto; border: 1px solid black;\" src=\"https:\/\/expatcircle.com\/cms\/wp-content\/uploads\/2024\/05\/sl.png\" alt=\"Sierra Leone Flagge\" \/><\/td>\n<td>Sierra Leone<\/td>\n<td><\/td>\n<\/tr>\n<tr>\n<td style=\"text-align: center;\"><img decoding=\"async\" style=\"width: 50px; height: auto; border: 1px solid black;\" src=\"https:\/\/expatcircle.com\/cms\/wp-content\/uploads\/2024\/05\/sg.png\" alt=\"Singapur Flagge\" \/><\/td>\n<td>Singapur<\/td>\n<td><\/td>\n<\/tr>\n<tr>\n<td style=\"text-align: center;\"><img decoding=\"async\" style=\"width: 50px; height: auto; border: 1px solid black;\" src=\"https:\/\/expatcircle.com\/cms\/wp-content\/uploads\/2024\/05\/es.png\" alt=\"Spanien Flagge\" \/><\/td>\n<td>Spanien<\/td>\n<td><\/td>\n<\/tr>\n<tr>\n<td style=\"text-align: center;\"><img decoding=\"async\" style=\"width: 50px; height: auto; border: 1px solid black;\" src=\"https:\/\/expatcircle.com\/cms\/de\/wp-content\/uploads\/2024\/03\/spitzbergen-flag.webp\" alt=\"Spitzbergen Flagge\" \/><\/td>\n<td><a href=\"https:\/\/expatcircle.com\/cms\/de\/auswandern-heute-spitzbergen\/\">Spitzbergen Niederlassungsgenehmigung<\/a><\/td>\n<td><\/td>\n<\/tr>\n<tr>\n<td style=\"text-align: center;\"><img decoding=\"async\" style=\"width: 50px; height: auto; border: 1px solid black;\" src=\"https:\/\/expatcircle.com\/cms\/wp-content\/uploads\/2024\/05\/za.png\" alt=\"S\u00fcdafrika Flagge\" \/><\/td>\n<td>S\u00fcdafrika<\/td>\n<td><\/td>\n<\/tr>\n<tr>\n<td style=\"text-align: center;\"><img decoding=\"async\" style=\"width: 50px; height: auto; border: 1px solid black;\" src=\"https:\/\/expatcircle.com\/cms\/wp-content\/uploads\/2024\/05\/tz.png\" alt=\"Tansania Flagge\" \/><\/td>\n<td><a href=\"https:\/\/expatcircle.com\/cms\/de\/auswanderungsziel-tansania\/\">Tansania Residency<\/a><\/td>\n<td><\/td>\n<\/tr>\n<tr>\n<td style=\"text-align: center;\"><img decoding=\"async\" style=\"width: 50px; height: auto; border: 1px solid black;\" src=\"https:\/\/expatcircle.com\/cms\/wp-content\/uploads\/2024\/05\/th.png\" alt=\"Thailand Flagge\" \/><\/td>\n<td>Thailand<\/td>\n<td><\/td>\n<\/tr>\n<tr>\n<td style=\"text-align: center;\"><img decoding=\"async\" style=\"width: 50px; height: auto; border: 1px solid black;\" src=\"https:\/\/expatcircle.com\/cms\/de\/wp-content\/uploads\/2024\/03\/Flag_of_Transnistria_state-1024x512.webp\" alt=\"Transnistrien Flagge\" \/><\/td>\n<td><a href=\"https:\/\/expatcircle.com\/cms\/de\/auswandern-heute-transnistrien\/\">Transnistrien<\/a><\/td>\n<td>Umstrittenes Gebiet. Steuern.<\/td>\n<\/tr>\n<tr>\n<td style=\"text-align: center;\"><img decoding=\"async\" style=\"width: 50px; height: auto; border: 1px solid black;\" src=\"https:\/\/expatcircle.com\/cms\/wp-content\/uploads\/2024\/05\/tr.png\" alt=\"T\u00fcrkei Flagge\" \/><\/td>\n<td>T\u00fcrkei<\/td>\n<td><\/td>\n<\/tr>\n<tr>\n<td style=\"text-align: center;\"><img decoding=\"async\" style=\"width: 50px; height: auto; border: 1px solid black;\" src=\"https:\/\/expatcircle.com\/cms\/wp-content\/uploads\/2024\/05\/cz.png\" alt=\"Tschechien Flagge\" \/><\/td>\n<td>Tschechien<\/td>\n<td><\/td>\n<\/tr>\n<tr>\n<td style=\"text-align: center;\"><img decoding=\"async\" style=\"width: 50px; height: auto; border: 1px solid black;\" src=\"https:\/\/expatcircle.com\/cms\/wp-content\/uploads\/2024\/05\/hu.png\" alt=\"Ungarn Flagge\" \/><\/td>\n<td>Ungarn<\/td>\n<td><\/td>\n<\/tr>\n<tr>\n<td style=\"text-align: center;\"><img decoding=\"async\" style=\"width: 50px; height: auto; border: 1px solid black;\" src=\"https:\/\/expatcircle.com\/cms\/wp-content\/uploads\/2024\/05\/uy.png\" alt=\"Uruguay Flagge\" \/><\/td>\n<td>Uruguay<\/td>\n<td><\/td>\n<\/tr>\n<tr>\n<td style=\"text-align: center;\"><img decoding=\"async\" style=\"width: 50px; height: auto; border: 1px solid black;\" src=\"https:\/\/expatcircle.com\/cms\/wp-content\/uploads\/2024\/05\/us.png\" alt=\"USA Flagge\" \/><\/td>\n<td>USA<\/td>\n<td><\/td>\n<\/tr>\n<tr>\n<td style=\"text-align: center;\"><img decoding=\"async\" style=\"width: 50px; height: auto; border: 1px solid black;\" src=\"https:\/\/expatcircle.com\/cms\/wp-content\/uploads\/2024\/05\/vu.png\" alt=\"Vanuatu Flagge\" \/><\/td>\n<td>Vanuatu<\/td>\n<td><\/td>\n<\/tr>\n<tr>\n<td style=\"text-align: center;\"><img decoding=\"async\" style=\"width: 50px; height: auto; border: 1px solid black;\" src=\"https:\/\/expatcircle.com\/cms\/wp-content\/uploads\/2024\/05\/gb.png\" alt=\"Vereinigtes K\u00f6nigreich Flagge\" \/><\/td>\n<td>Vereinigtes K\u00f6nigreich (UK)<\/td>\n<td><\/td>\n<\/tr>\n<tr>\n<td style=\"text-align: center;\"><img decoding=\"async\" style=\"width: 50px; height: auto; border: 1px solid black;\" src=\"https:\/\/expatcircle.com\/cms\/wp-content\/uploads\/2024\/05\/by-1.png\" alt=\"Weissrussland Flagge\" \/><\/td>\n<td><a href=\"https:\/\/expatcircle.com\/cms\/de\/auswanderungsziel-belarus\/\">Weissrussland Residency<\/a><\/td>\n<td>Steuervorteile<\/td>\n<\/tr>\n<\/tbody>\n<\/table>\n<p>&nbsp;<\/p>\n","protected":false},"excerpt":{"rendered":"<p>Country Flagge Name \/ Programm Bemerkungen\/Interessante Punkte Albanien Andorra Antigua und Barbuda Argentinien Armenien Australien Bahamas Belize Brasilien BRIC Mitglied, Merscosur Mitglied. Aufenthaltsgenehmigung ab 100k Euro. Bulgarien Cayman Islands Chile China Costa Rica Deutschland Dominikanische Republik Dubai (Vereinigte Arabische Emirate) Ecuador Europ\u00e4ische Union Investieren Sie in ein europ\u00e4isches Land Ihrer Wahl. Erhalten Sie zus\u00e4tzlich eine [&hellip;]<\/p>\n","protected":false},"author":1,"featured_media":0,"parent":14,"menu_order":4,"comment_status":"closed","ping_status":"closed","template":"","meta":{"footnotes":"","_links_to":"","_links_to_target":""},"class_list":["post-252","page","type-page","status-publish","hentry"],"_links":{"self":[{"href":"https:\/\/expatcircle.com\/cms\/de\/wp-json\/wp\/v2\/pages\/252","targetHints":{"allow":["GET"]}}],"collection":[{"href":"https:\/\/expatcircle.com\/cms\/de\/wp-json\/wp\/v2\/pages"}],"about":[{"href":"https:\/\/expatcircle.com\/cms\/de\/wp-json\/wp\/v2\/types\/page"}],"author":[{"embeddable":true,"href":"https:\/\/expatcircle.com\/cms\/de\/wp-json\/wp\/v2\/users\/1"}],"replies":[{"embeddable":true,"href":"https:\/\/expatcircle.com\/cms\/de\/wp-json\/wp\/v2\/comments?post=252"}],"version-history":[{"count":11,"href":"https:\/\/expatcircle.com\/cms\/de\/wp-json\/wp\/v2\/pages\/252\/revisions"}],"predecessor-version":[{"id":1857,"href":"https:\/\/expatcircle.com\/cms\/de\/wp-json\/wp\/v2\/pages\/252\/revisions\/1857"}],"up":[{"embeddable":true,"href":"https:\/\/expatcircle.com\/cms\/de\/wp-json\/wp\/v2\/pages\/14"}],"wp:attachment":[{"href":"https:\/\/expatcircle.com\/cms\/de\/wp-json\/wp\/v2\/media?parent=252"}],"curies":[{"name":"wp","href":"https:\/\/api.w.org\/{rel}","templated":true}]}}