{"id":304,"date":"2024-03-10T16:52:25","date_gmt":"2024-03-10T16:52:25","guid":{"rendered":"https:\/\/expatcircle.com\/cms\/de\/?page_id=304"},"modified":"2024-03-10T16:53:52","modified_gmt":"2024-03-10T16:53:52","slug":"wie-knupft-man-kontakte-im-ausland","status":"publish","type":"page","link":"https:\/\/expatcircle.com\/cms\/de\/wie-knupft-man-kontakte-im-ausland\/","title":{"rendered":"Wie kn\u00fcpft man Kontakte im Ausland?"},"content":{"rendered":"<p><strong>Hochwertig<\/strong><\/p>\n<p>Wenden Sie sich an lokale Berufsverb\u00e4nde in Ihrem Bereich.<\/p>\n<p>Wenn Sie Mitglied in einem <a href=\"https:\/\/www.rotary.org\/\" target=\"_blank\" rel=\"noopener\">Rotary Club<\/a> oder <a href=\"https:\/\/www.lionsclubs.org\/\" target=\"_blank\" rel=\"noopener\">Lions Club<\/a> sind, k\u00f6nnen Sie leicht Gleichgesinnte im Ausland finden.<\/p>\n<p>Lions-Club: Unsere Vereinigung besteht aus 1,4 Millionen Mitgliedern in 49.000 Clubs, die in fast allen L\u00e4ndern der Erde H\u00e4nde und Herzen in die Gemeinden bringen, denen wir dienen.<\/p>\n<p>Rotary Club: Wir sind Menschen der Tat. Unser globales Netzwerk von 1,4 Millionen Nachbarn, Freunden und F\u00fchrungskr\u00e4ften stellt seine F\u00e4higkeiten und Ressourcen ehrenamtlich zur Verf\u00fcgung, um Probleme zu l\u00f6sen und kommunale Bed\u00fcrfnisse zu erf\u00fcllen.<\/p>\n<p><a href=\"https:\/\/www.iacworldwide.com\/\" target=\"_blank\" rel=\"noopener\">IAC<\/a>. International Associate Clubs. Ein globales Netzwerk, das die T\u00fcren zu fast 250 der renommiertesten privaten Mitgliedsclubs weltweit \u00f6ffnet und gegenseitige Besuche der Mitglieder zwischen den Clubs des Netzwerks koordiniert.<\/p>\n<p>Golfclubs k\u00f6nnen ebenfalls eine Option sein.<\/p>\n<p><strong>Mittel<\/strong><\/p>\n<p><a href=\"https:\/\/www.internations.org\/\" target=\"_blank\" rel=\"noopener\">Internations<\/a>. Genie\u00dfen Sie die internationale Erfahrung mit Gleichgesinnten aus aller Welt.<\/p>\n<p>Religionszugeh\u00f6rigkeiten. Finden Sie die n\u00e4chste Kirche, den n\u00e4chsten Tempel oder was auch immer zu Ihrer Religionszugeh\u00f6rigkeit passt. F\u00fcr religi\u00f6se Menschen kann dies eine gute M\u00f6glichkeit sein, Kontakte zu kn\u00fcpfen.<\/p>\n<p><a href=\"https:\/\/www.meetup.com\/\" target=\"_blank\" rel=\"noopener\">Meetup<\/a>. Die Plattform f\u00fcr Menschen &#8211; wo Interessen zu Freundschaften werden. Was auch immer Dein Interesse ist, von Wandern und Lesen bis hin zu Networking und dem Austausch von F\u00e4higkeiten, es gibt Tausende von Menschen, die es auf Meetup teilen. Jeden Tag finden Veranstaltungen statt &#8211; melde Dich an, um dabei zu sein.<\/p>\n<p><strong>Niedriges Niveau<\/strong><\/p>\n<p>Wenn alles nichts hilft, k\u00f6nnen Sie es in Expat-Clubs und Hostel-Bars versuchen, um zumindest mit einigen Expats in Kontakt zu kommen. Auch Deutsche Kulturvereine existieren in einigen St\u00e4dten.<\/p>\n<p>&nbsp;<\/p>\n<p>Der professionelle Reisende kn\u00fcpft \u00fcberall Kontakte. Es ist eine Frage der Erfahrung und der Einstellung.<\/p>\n","protected":false},"excerpt":{"rendered":"<p>Hochwertig Wenden Sie sich an lokale Berufsverb\u00e4nde in Ihrem Bereich. Wenn Sie Mitglied in einem Rotary Club oder Lions Club sind, k\u00f6nnen Sie leicht Gleichgesinnte im Ausland finden. Lions-Club: Unsere Vereinigung besteht aus 1,4 Millionen Mitgliedern in 49.000 Clubs, die in fast allen L\u00e4ndern der Erde H\u00e4nde und Herzen in die Gemeinden bringen, denen wir [&hellip;]<\/p>\n","protected":false},"author":1,"featured_media":0,"parent":0,"menu_order":0,"comment_status":"closed","ping_status":"closed","template":"","meta":{"footnotes":"","_links_to":"","_links_to_target":""},"class_list":["post-304","page","type-page","status-publish","hentry"],"_links":{"self":[{"href":"https:\/\/expatcircle.com\/cms\/de\/wp-json\/wp\/v2\/pages\/304","targetHints":{"allow":["GET"]}}],"collection":[{"href":"https:\/\/expatcircle.com\/cms\/de\/wp-json\/wp\/v2\/pages"}],"about":[{"href":"https:\/\/expatcircle.com\/cms\/de\/wp-json\/wp\/v2\/types\/page"}],"author":[{"embeddable":true,"href":"https:\/\/expatcircle.com\/cms\/de\/wp-json\/wp\/v2\/users\/1"}],"replies":[{"embeddable":true,"href":"https:\/\/expatcircle.com\/cms\/de\/wp-json\/wp\/v2\/comments?post=304"}],"version-history":[{"count":1,"href":"https:\/\/expatcircle.com\/cms\/de\/wp-json\/wp\/v2\/pages\/304\/revisions"}],"predecessor-version":[{"id":305,"href":"https:\/\/expatcircle.com\/cms\/de\/wp-json\/wp\/v2\/pages\/304\/revisions\/305"}],"wp:attachment":[{"href":"https:\/\/expatcircle.com\/cms\/de\/wp-json\/wp\/v2\/media?parent=304"}],"curies":[{"name":"wp","href":"https:\/\/api.w.org\/{rel}","templated":true}]}}