{"id":312,"date":"2024-03-13T12:36:45","date_gmt":"2024-03-13T12:36:45","guid":{"rendered":"https:\/\/expatcircle.com\/cms\/de\/?page_id=312"},"modified":"2024-06-05T16:00:43","modified_gmt":"2024-06-05T16:00:43","slug":"hongkong-borsenmakler","status":"publish","type":"page","link":"https:\/\/expatcircle.com\/cms\/de\/finanzen\/hongkong-borsenmakler\/","title":{"rendered":"Hongkong B\u00f6rsenmakler"},"content":{"rendered":"<p>&nbsp;<\/p>\n<table border=\"1\">\n<thead>\n<tr class=\"row-1 odd\">\n<th class=\"column-1\">Stockbroker<\/th>\n<th class=\"column-2\">M\u00e4rkte verf\u00fcgbar<\/th>\n<th class=\"column-3\">Kommissionen<\/th>\n<th class=\"column-4\">Mehrw\u00e4hrungs-konto<\/th>\n<th class=\"column-5\">Mindestanlage<\/th>\n<\/tr>\n<\/thead>\n<tbody>\n<tr class=\"row-2 even\">\n<td class=\"column-1\"><a href=\"https:\/\/www.bocionline.com\/\" target=\"_blank\" rel=\"noopener\">BOCI Securities<\/a><\/td>\n<td class=\"column-2\">Online: Hongkong, USA<\/p>\n<p>Makler-unterst\u00fctzt: Australien, China B, Deutschland, Frankreich, Japan, Kanada, Malaysia, Niederlande, Singapur, Schweden, Taiwan, Thailand, UK<\/td>\n<td class=\"column-3\">Nicht offengelegt<\/td>\n<td class=\"column-4\">Nein<\/td>\n<td class=\"column-5\">Keine<\/td>\n<\/tr>\n<tr class=\"row-3 odd\">\n<td class=\"column-1\"><a href=\"https:\/\/www.boom.com\/en\/\" target=\"_blank\" rel=\"noopener\">Boom Securities<\/a><\/td>\n<td class=\"column-2\">Online: Australien, China B, Hongkong, Indonesien, Japan, Korea, Malaysia, Philippinen, Singapur, Taiwan, Thailand, USA<\/td>\n<td class=\"column-3\">Online: mindestens ~HK$88-400<\/td>\n<td class=\"column-4\">Ja<\/td>\n<td class=\"column-5\">Keine<\/td>\n<\/tr>\n<tr class=\"row-4 even\">\n<td class=\"column-1\"><a href=\"https:\/\/www.cpy.com.hk\/us\/\" target=\"_blank\" rel=\"noopener\">Core Pacific &#8211; Yamaichi<\/a><\/td>\n<td class=\"column-2\">Online: Hongkong<\/p>\n<p>Makler-unterst\u00fctzt: Australien, Kanada, China B, Indonesien, Japan, Korea, Malaysia, Neuseeland, Philippinen, Singapur, Taiwan, Thailand, Vereinigtes K\u00f6nigreich, USA, USA OTCBB<\/td>\n<td class=\"column-3\">Online: mindestens HK$100<\/p>\n<p>Maklerunterst\u00fctzt: min ~HK$100-1.050<\/td>\n<td class=\"column-4\">Nicht angegeben<\/td>\n<td class=\"column-5\">Keine<\/td>\n<\/tr>\n<tr class=\"row-5 odd\">\n<td class=\"column-1\"><a href=\"https:\/\/www.dbsvickers.com\/\" target=\"_blank\" rel=\"noopener\">DBS Vickers<\/a><\/td>\n<td class=\"column-2\">Online: Kanada, Hongkong, Singapur, USA<\/p>\n<p>Makler-unterst\u00fctzt: Australien, China B, Indonesien, Japan &#8211; Tokio, Malaysia, Philippinen, Thailand, UK<\/td>\n<td class=\"column-3\">Online: mindestens ~HK$100-225<\/p>\n<p>Maklerunterst\u00fctzt: min ~HK$100-unbekannt<\/td>\n<td class=\"column-4\">Ja<\/td>\n<td class=\"column-5\">Keine<\/td>\n<\/tr>\n<tr class=\"row-6 even\">\n<td class=\"column-1\"><a href=\"https:\/\/www.htisec.com\/en-us\" target=\"_blank\" rel=\"noopener\">Haitong International Securities<\/a><\/td>\n<td class=\"column-2\">Online: China B, Hongkong, USA<\/p>\n<p>Makler-unterst\u00fctzt: Australien, Kanada, Japan, Korea, Malaysia, Singapur, Taiwan, Thailand, UK<\/td>\n<td class=\"column-3\">Online: HK$100<\/p>\n<p>Maklerunterst\u00fctzt: mindestens HK$100-1.250<\/td>\n<td class=\"column-4\">Nein<\/td>\n<td class=\"column-5\">Keine<\/td>\n<\/tr>\n<tr class=\"row-7 odd\">\n<td class=\"column-1\"><a href=\"https:\/\/www.hsbc.com.hk\/\" target=\"_blank\" rel=\"noopener\">HSBC Bank<\/a><\/td>\n<td class=\"column-2\">Online: Hongkong, USA<\/p>\n<p>Makler-unterst\u00fctzt: Australien, Kanada, China B, Japan, UK<\/td>\n<td class=\"column-3\">Online: mindestens ~HK$100-390<\/p>\n<p>Makler-unterst\u00fctzt: mindestens ~HK$100-850<\/td>\n<td class=\"column-4\">Ja<\/td>\n<td class=\"column-5\">Keine<\/td>\n<\/tr>\n<tr class=\"row-9 odd\">\n<td class=\"column-1\"><a href=\"https:\/\/www.kgi.com.hk\/en\/\" target=\"_blank\" rel=\"noopener\">KGI Securities<\/a><\/td>\n<td class=\"column-2\">Online: China B, Hongkong, Taiwan, USA<\/p>\n<p>Makler-unterst\u00fctzt: Australien, Kanada, Frankreich, Deutschland, Indonesien, Japan, Korea, Malaysia, Neuseeland, Singapur, Thailand, UK<\/td>\n<td class=\"column-3\">Online: mindestens ~HK$100-230<\/p>\n<p>Maklerunterst\u00fctzt: mindestens ~HK$100-HK$1150<\/td>\n<td class=\"column-4\">Nein<\/td>\n<td class=\"column-5\">Keine<\/td>\n<\/tr>\n<tr class=\"row-10 even\">\n<td class=\"column-1\"><a href=\"https:\/\/www.poems.com.hk\/\" target=\"_blank\" rel=\"noopener\">Phillip Securities Hong Kong<\/a><\/td>\n<td class=\"column-2\">Online: Australien, China B, Hongkong, Indonesien, Japan, Korea, Malaysia, Singapur, Taiwan, Thailand, USA<\/p>\n<p>Makler-unterst\u00fctzt: Kanada, Frankreich, Deutschland, Philippinen, UK<\/td>\n<td class=\"column-3\">Online: mindestens ~HK$100-380<\/p>\n<p>Maklerunterst\u00fctzt: mindestens ~HK$250-1.200<\/td>\n<td class=\"column-4\">Ja<\/td>\n<td class=\"column-5\">Keine (HK$10.000 f\u00fcr Antragsteller, die ihr Konto nicht pers\u00f6nlich er\u00f6ffnen)<\/td>\n<\/tr>\n<\/tbody>\n<\/table>\n","protected":false},"excerpt":{"rendered":"<p>&nbsp; Stockbroker M\u00e4rkte verf\u00fcgbar Kommissionen Mehrw\u00e4hrungs-konto Mindestanlage BOCI Securities Online: Hongkong, USA Makler-unterst\u00fctzt: Australien, China B, Deutschland, Frankreich, Japan, Kanada, Malaysia, Niederlande, Singapur, Schweden, Taiwan, Thailand, UK Nicht offengelegt Nein Keine Boom Securities Online: Australien, China B, Hongkong, Indonesien, Japan, Korea, Malaysia, Philippinen, Singapur, Taiwan, Thailand, USA Online: mindestens ~HK$88-400 Ja Keine Core Pacific &#8211; [&hellip;]<\/p>\n","protected":false},"author":1,"featured_media":0,"parent":16,"menu_order":0,"comment_status":"closed","ping_status":"closed","template":"","meta":{"footnotes":"","_links_to":"","_links_to_target":""},"class_list":["post-312","page","type-page","status-publish","hentry"],"_links":{"self":[{"href":"https:\/\/expatcircle.com\/cms\/de\/wp-json\/wp\/v2\/pages\/312","targetHints":{"allow":["GET"]}}],"collection":[{"href":"https:\/\/expatcircle.com\/cms\/de\/wp-json\/wp\/v2\/pages"}],"about":[{"href":"https:\/\/expatcircle.com\/cms\/de\/wp-json\/wp\/v2\/types\/page"}],"author":[{"embeddable":true,"href":"https:\/\/expatcircle.com\/cms\/de\/wp-json\/wp\/v2\/users\/1"}],"replies":[{"embeddable":true,"href":"https:\/\/expatcircle.com\/cms\/de\/wp-json\/wp\/v2\/comments?post=312"}],"version-history":[{"count":1,"href":"https:\/\/expatcircle.com\/cms\/de\/wp-json\/wp\/v2\/pages\/312\/revisions"}],"predecessor-version":[{"id":313,"href":"https:\/\/expatcircle.com\/cms\/de\/wp-json\/wp\/v2\/pages\/312\/revisions\/313"}],"up":[{"embeddable":true,"href":"https:\/\/expatcircle.com\/cms\/de\/wp-json\/wp\/v2\/pages\/16"}],"wp:attachment":[{"href":"https:\/\/expatcircle.com\/cms\/de\/wp-json\/wp\/v2\/media?parent=312"}],"curies":[{"name":"wp","href":"https:\/\/api.w.org\/{rel}","templated":true}]}}