{"id":316,"date":"2024-03-13T13:13:37","date_gmt":"2024-03-13T13:13:37","guid":{"rendered":"https:\/\/expatcircle.com\/cms\/de\/?page_id=316"},"modified":"2024-06-27T21:02:00","modified_gmt":"2024-06-27T21:02:00","slug":"us-borsenmakler","status":"publish","type":"page","link":"https:\/\/expatcircle.com\/cms\/de\/finanzen\/us-borsenmakler\/","title":{"rendered":"US B\u00f6rsenmakler"},"content":{"rendered":"<p>&nbsp;<\/p>\n<table border=\"1\">\n<thead>\n<tr class=\"row-1 odd\">\n<th class=\"column-1\">Stockbroker<\/th>\n<th class=\"column-2\">Verf\u00fcgbare_M\u00e4rkte<\/th>\n<th class=\"column-3\">Mindestprovisionen<\/th>\n<th class=\"column-4\">Mehrw\u00e4hrungs-konto<\/th>\n<th class=\"column-5\">Steuerumschl\u00e4ge<\/th>\n<th class=\"column-6\">Mindesteinlage<\/th>\n<\/tr>\n<\/thead>\n<tbody>\n<tr class=\"row-2 even\">\n<td class=\"column-1\"><a href=\"https:\/\/www.schwab.com\/global-trading\" target=\"_blank\" rel=\"noopener\">Charles Schwab<\/a><\/td>\n<td class=\"column-2\">Online: Australien, Belgien, Deutschland, Finnland, Frankreich, Gro\u00dfbritannien, Hongkong, Italien, Japan, Kanada, Niederlande, Norwegen, USA<\/td>\n<td class=\"column-3\">Online: ~US$8,95-35<\/p>\n<p>Broker-unterst\u00fctzt: ~US$35-75<\/td>\n<td class=\"column-4\">Ja<\/td>\n<td class=\"column-5\">Keine<\/td>\n<td class=\"column-6\">Keine, aber die Kunden ben\u00f6tigen ein bestehendes Schwab One-Konto (Mindesteinlage 1.000 US-Dollar)<\/td>\n<\/tr>\n<tr class=\"row-4 even\">\n<td class=\"column-1\"><a href=\"https:\/\/www.everbank.com\/\" target=\"_blank\" rel=\"noopener\">EverTrade<\/a><\/td>\n<td class=\"column-2\">Online: Australien, Belgien, D\u00e4nemark, Deutschland, Finnland, Frankreich, Griechenland, Gro\u00dfbritannien, Hongkong, Irland, Italien, Japan, Kanada, Mexiko, Neuseeland, Niederlande, Norwegen, \u00d6sterreich, Polen, Portugal, Schweden, Schweiz, Singapur, Spanien, S\u00fcdafrika, USA<\/td>\n<td class=\"column-3\">Online: ~US$9-150<\/td>\n<td class=\"column-4\">Ja<\/td>\n<td class=\"column-5\">IRA<\/td>\n<td class=\"column-6\">Keine<\/td>\n<\/tr>\n<tr class=\"row-5 odd\">\n<td class=\"column-1\"><a href=\"https:\/\/www.fidelity.com\/\" target=\"_blank\" rel=\"noopener\">Fidelity<\/a><\/td>\n<td class=\"column-2\">Online: Australien, Belgien, D\u00e4nemark, Deutschland, Finnland, Frankreich, Griechenland, Gro\u00dfbritannien, Hongkong, Irland, Italien, Japan, Kanada, Mexiko, Neuseeland, Niederlande, Norwegen, \u00d6sterreich, Polen, Portugal, Schweden, Schweiz, Singapur, Spanien, S\u00fcdafrika, USA<\/td>\n<td class=\"column-3\">Online: ~US$8-40<\/p>\n<p>Makler-unterst\u00fctzt: ~US$30-100<\/td>\n<td class=\"column-4\">Ja<\/td>\n<td class=\"column-5\">IRA<\/td>\n<td class=\"column-6\">Keine<\/td>\n<\/tr>\n<tr class=\"row-6 even\">\n<td class=\"column-1\"><a href=\"https:\/\/www.interactivebrokers.com\/\" target=\"_blank\" rel=\"noopener\">Interaktive Makler<\/a><\/td>\n<td class=\"column-2\">Online: Australien, \u00d6sterreich, Belgien, Kanada, Frankreich, Deutschland, Hongkong, Indien (nur f\u00fcr NRIs), Italien, Japan, Mexiko, Niederlande, Singapur, Spanien, Schweden, Schweiz, UK, USA<\/td>\n<td class=\"column-3\">Online: mindestens ~US$1-13<\/td>\n<td class=\"column-4\">Ja<\/td>\n<td class=\"column-5\">IRA<\/td>\n<td class=\"column-6\">US$10,000<\/td>\n<\/tr>\n<\/tbody>\n<\/table>\n","protected":false},"excerpt":{"rendered":"<p>&nbsp; Stockbroker Verf\u00fcgbare_M\u00e4rkte Mindestprovisionen Mehrw\u00e4hrungs-konto Steuerumschl\u00e4ge Mindesteinlage Charles Schwab Online: Australien, Belgien, Deutschland, Finnland, Frankreich, Gro\u00dfbritannien, Hongkong, Italien, Japan, Kanada, Niederlande, Norwegen, USA Online: ~US$8,95-35 Broker-unterst\u00fctzt: ~US$35-75 Ja Keine Keine, aber die Kunden ben\u00f6tigen ein bestehendes Schwab One-Konto (Mindesteinlage 1.000 US-Dollar) EverTrade Online: Australien, Belgien, D\u00e4nemark, Deutschland, Finnland, Frankreich, Griechenland, Gro\u00dfbritannien, Hongkong, Irland, Italien, Japan, [&hellip;]<\/p>\n","protected":false},"author":1,"featured_media":0,"parent":16,"menu_order":0,"comment_status":"closed","ping_status":"closed","template":"","meta":{"footnotes":"","_links_to":"","_links_to_target":""},"class_list":["post-316","page","type-page","status-publish","hentry"],"_links":{"self":[{"href":"https:\/\/expatcircle.com\/cms\/de\/wp-json\/wp\/v2\/pages\/316","targetHints":{"allow":["GET"]}}],"collection":[{"href":"https:\/\/expatcircle.com\/cms\/de\/wp-json\/wp\/v2\/pages"}],"about":[{"href":"https:\/\/expatcircle.com\/cms\/de\/wp-json\/wp\/v2\/types\/page"}],"author":[{"embeddable":true,"href":"https:\/\/expatcircle.com\/cms\/de\/wp-json\/wp\/v2\/users\/1"}],"replies":[{"embeddable":true,"href":"https:\/\/expatcircle.com\/cms\/de\/wp-json\/wp\/v2\/comments?post=316"}],"version-history":[{"count":1,"href":"https:\/\/expatcircle.com\/cms\/de\/wp-json\/wp\/v2\/pages\/316\/revisions"}],"predecessor-version":[{"id":317,"href":"https:\/\/expatcircle.com\/cms\/de\/wp-json\/wp\/v2\/pages\/316\/revisions\/317"}],"up":[{"embeddable":true,"href":"https:\/\/expatcircle.com\/cms\/de\/wp-json\/wp\/v2\/pages\/16"}],"wp:attachment":[{"href":"https:\/\/expatcircle.com\/cms\/de\/wp-json\/wp\/v2\/media?parent=316"}],"curies":[{"name":"wp","href":"https:\/\/api.w.org\/{rel}","templated":true}]}}