{"id":531,"date":"2024-05-16T16:14:14","date_gmt":"2024-05-16T16:14:14","guid":{"rendered":"https:\/\/expatcircle.com\/cms\/de\/?page_id=531"},"modified":"2025-12-26T21:34:54","modified_gmt":"2025-12-26T21:34:54","slug":"vpn-dienste","status":"publish","type":"page","link":"https:\/\/expatcircle.com\/cms\/de\/privacy\/vpn-dienste\/","title":{"rendered":"VPN Dienste"},"content":{"rendered":"<p><img loading=\"lazy\" decoding=\"async\" class=\"alignnone size-large wp-image-2013\" src=\"https:\/\/expatcircle.com\/cms\/de\/wp-content\/uploads\/2025\/12\/vpn-1024x391.webp\" alt=\"\" width=\"640\" height=\"244\" srcset=\"https:\/\/expatcircle.com\/cms\/de\/wp-content\/uploads\/2025\/12\/vpn-1024x391.webp 1024w, https:\/\/expatcircle.com\/cms\/de\/wp-content\/uploads\/2025\/12\/vpn-300x114.webp 300w, https:\/\/expatcircle.com\/cms\/de\/wp-content\/uploads\/2025\/12\/vpn-768x293.webp 768w, https:\/\/expatcircle.com\/cms\/de\/wp-content\/uploads\/2025\/12\/vpn.webp 1360w\" sizes=\"auto, (max-width: 640px) 100vw, 640px\" \/><\/p>\n<p><strong>Warum sollten Sie ein VPN verwenden?<\/strong><\/p>\n<p>Ein VPN sch\u00fctzt seine Benutzer, indem es ihre Daten verschl\u00fcsselt und ihre IP-Adresse maskiert, sodass ihr Browserverlauf und Standort nicht zur\u00fcckverfolgt werden k\u00f6nnen. Dies erm\u00f6glicht mehr Privatsph\u00e4re und mehr Freiheit f\u00fcr diejenigen, die auf gesperrte oder regional gebundene Inhalte zugreifen m\u00f6chten. Wenn Sie Torrents verwenden, ist die Verwendung eines VPN obligatorisch.<\/p>\n<p>&nbsp;<\/p>\n<p><strong>Alle VPNs behaupten, sie seien die besten auf dem Markt, aber das ist selten der Fall. <\/strong><\/p>\n<p>Unserer Erfahrung nach mangelt es vielen von ihnen an wichtigen Sicherheitsfunktionen, sie funktionieren nicht mit beliebten Streaming-Seiten, haben eine schlechte P2P-Unterst\u00fctzung, sind sehr langsam und haben fehlerhafte Apps oder sind schwer zu bedienen.<\/p>\n<p><strong>Funktionen, auf die Sie achten sollten<\/strong><\/p>\n<ul>\n<li>Liste der verf\u00fcgbaren L\u00e4nder f\u00fcr den Zugriff auf geoblockte Inhalte oder geospezifische Preise<\/li>\n<li>Geschwindigkeit und Zuverl\u00e4ssigkeit<\/li>\n<li>Verf\u00fcgbare Protokolle<\/li>\n<li>Zus\u00e4tzliche Funktionen wie die M\u00f6glichkeit, Ihnen Ihre pers\u00f6nliche IP-Adresse anzubieten (z. B. um immer \u00fcber dieselbe IP auf Banking-Websites zuzugreifen)<\/li>\n<li>Qualit\u00e4t der verwendeten Server und IP-Adresse. Vertrauen Sie mir, viele VPNs verwenden schlechte Server. Viele Websites werden Sie einfach blockieren oder zu Tode Captchas l\u00f6sen lassen.<\/li>\n<li>Kann es in L\u00e4ndern verwendet werden, die versuchen, die Nutzung eines VPN zu verhindern? Die meisten VPNs versagen hier.<\/li>\n<li>Gerichtsstand des Anbieters<\/li>\n<li>Verf\u00fcgbarkeit auf Betriebssystemen und Handys (Windows, Mac, Linux, Android etc.)<\/li>\n<li>Softwarequalit\u00e4t des VPN Clienten.<\/li>\n<\/ul>\n<p>&nbsp;<\/p>\n<p><strong>\u00dcbersicht \u00fcber 180 VPN-Dienstanbieter<\/strong><\/p>\n<p>Excel-Datei mit 180 ausgewerteten VPN-Dienstleistern. <a href=\"https:\/\/expatcircle.com\/cms\/files\/comparison_of_180_VPN_services.xlsx\">Zugriff hier.<\/a><\/p>\n<p>&nbsp;<\/p>\n<p><b>Was ist das beste verf\u00fcgbare VPN?<\/b><\/p>\n<p>Es h\u00e4ngt von Ihrem Anwendungsfall ab. Diese Website wird von Expats, Dauerreisenden und datenschutzorientierten Personen erstellt. Wir empfehlen Ihnen dringend, <a href=\"https:\/\/www.astrill.com\/a\/ur0c61209vdr\" target=\"_blank\" rel=\"noopener\">Astrill VPN zu verwenden. <\/a><\/p>\n<p><b>Was ist das preisg\u00fcnstigste VPN?<\/b><\/p>\n<p><a href=\"https:\/\/airvpn.org\/?referred_by=670901\" target=\"_blank\" rel=\"noopener\">AirVPN<\/a>. Nicht so komfortabel, aber im Preis unschlagbar.<\/p>\n","protected":false},"excerpt":{"rendered":"<p>Warum sollten Sie ein VPN verwenden? Ein VPN sch\u00fctzt seine Benutzer, indem es ihre Daten verschl\u00fcsselt und ihre IP-Adresse maskiert, sodass ihr Browserverlauf und Standort nicht zur\u00fcckverfolgt werden k\u00f6nnen. Dies erm\u00f6glicht mehr Privatsph\u00e4re und mehr Freiheit f\u00fcr diejenigen, die auf gesperrte oder regional gebundene Inhalte zugreifen m\u00f6chten. Wenn Sie Torrents verwenden, ist die Verwendung eines [&hellip;]<\/p>\n","protected":false},"author":1,"featured_media":0,"parent":20,"menu_order":0,"comment_status":"closed","ping_status":"closed","template":"","meta":{"footnotes":"","_links_to":"","_links_to_target":""},"class_list":["post-531","page","type-page","status-publish","hentry"],"_links":{"self":[{"href":"https:\/\/expatcircle.com\/cms\/de\/wp-json\/wp\/v2\/pages\/531","targetHints":{"allow":["GET"]}}],"collection":[{"href":"https:\/\/expatcircle.com\/cms\/de\/wp-json\/wp\/v2\/pages"}],"about":[{"href":"https:\/\/expatcircle.com\/cms\/de\/wp-json\/wp\/v2\/types\/page"}],"author":[{"embeddable":true,"href":"https:\/\/expatcircle.com\/cms\/de\/wp-json\/wp\/v2\/users\/1"}],"replies":[{"embeddable":true,"href":"https:\/\/expatcircle.com\/cms\/de\/wp-json\/wp\/v2\/comments?post=531"}],"version-history":[{"count":5,"href":"https:\/\/expatcircle.com\/cms\/de\/wp-json\/wp\/v2\/pages\/531\/revisions"}],"predecessor-version":[{"id":2017,"href":"https:\/\/expatcircle.com\/cms\/de\/wp-json\/wp\/v2\/pages\/531\/revisions\/2017"}],"up":[{"embeddable":true,"href":"https:\/\/expatcircle.com\/cms\/de\/wp-json\/wp\/v2\/pages\/20"}],"wp:attachment":[{"href":"https:\/\/expatcircle.com\/cms\/de\/wp-json\/wp\/v2\/media?parent=531"}],"curies":[{"name":"wp","href":"https:\/\/api.w.org\/{rel}","templated":true}]}}