{"id":56,"date":"2023-11-22T11:03:54","date_gmt":"2023-11-22T11:03:54","guid":{"rendered":"https:\/\/expatcircle.com\/cms\/de\/?page_id=56"},"modified":"2024-03-01T13:47:36","modified_gmt":"2024-03-01T13:47:36","slug":"fluege-buchen","status":"publish","type":"page","link":"https:\/\/expatcircle.com\/cms\/de\/reisen\/fluege-buchen\/","title":{"rendered":"Fl\u00fcge buchen"},"content":{"rendered":"<p><strong>Liste der wichtigsten Flugbuchungsportale<\/strong><\/p>\n<p><a href=\"https:\/\/www.google.com\/travel\/flights\" target=\"_blank\" rel=\"noopener\">Google-Fl\u00fcge <\/a>Google-Fl\u00fcge ist eine der besten Flugpreis-Suchmaschinen. Versuchen Sie, sie manchmal mit einem VPN zu nutzen. Ich habe mit einem VPN Geld sparen k\u00f6nnen. Ich habe einmal 500 USD gespart, als ich einen Flug \u00fcber Google buchte und eine ausl\u00e4ndische IP-Adresse verwendete.<\/p>\n<p><a href=\"http:\/\/www.expedia.com\" target=\"_blank\" rel=\"noopener\">Expedia.com<\/a> &#8220;Ihre zentrale <em>Reiseseite<\/em> f\u00fcr Ihren Traumurlaub&#8221;. Eine der wichtigsten Websites f\u00fcr Flugbuchungen. Zwar schon etwas \u00e4lter, aber immer einen Blick wert.<\/p>\n<p><a href=\"https:\/\/www.kayak.com\/\" target=\"_blank\" rel=\"noopener\">Kayak<\/a> durchsucht Hunderte von anderen <em>Reiseseiten<\/em> gleichzeitig, um die Informationen zu finden, die Sie brauchen, um die richtigen Entscheidungen \u00fcber Fl\u00fcge, Hotels und Mietwagen zu treffen.<\/p>\n<p><a href=\"http:\/\/www.momondo.com\/\" target=\"_blank\" rel=\"noopener\">Momondo<\/a> ist eine kostenlose, unabh\u00e4ngige und inspirierende globale <em>Reisesuchseite<\/em>, die Milliarden von g\u00fcnstigen Fl\u00fcgen, Hotels und Mietwagen vergleicht.<\/p>\n<p><a href=\"https:\/\/www.budgetair.com\/en_us\" target=\"_blank\" rel=\"noopener\">Butgetair <\/a>, der Nachfolger von Vayama. Schade, dass Vayama dicht gemacht hat. Slogan: &#8220;Wir helfen Ihnen, 500+ Fluggesellschaften zu finden und zu vergleichen.&#8221;<\/p>\n<p><a href=\"https:\/\/www.skyscanner.com\/\" target=\"_blank\" rel=\"noopener\">Skyscanner<\/a> Vergleichen Sie die Preise f\u00fcr <em>Billigfl\u00fcge<\/em> aller gro\u00dfen Fluggesellschaften und Reiseb\u00fcros und finden Sie die g\u00fcnstigsten Tickets f\u00fcr alle Ihre Lieblingsziele. Sie haben einen ziemlich guten Ruf, aber das ist eine Seite, von der ich eigentlich nie ein Ticket gekauft habe.<\/p>\n<p><a href=\"http:\/\/www.dohop.com\" target=\"_blank\" rel=\"noopener\">Dohop<\/a> Fr\u00fcher konnte man dort gute Fl\u00fcge buchen, heute bieten sie nur noch Hotel- und Flugpakete an. &#8220;Dohop betreibt White-Label-Reisesuchmaschinen f\u00fcr Reise-Websites und konzentriert sich dabei auf White-Label-L\u00f6sungen f\u00fcr Fluggesellschaften und Flugh\u00e4fen.&#8221; Sie bieten also im Grunde Dienstleistungen f\u00fcr andere Websites an. Sie k\u00f6nnten es mit dem <a href=\"https:\/\/www.dohop.de\/?currency=USD&amp;language=en&amp;residency=US\" target=\"_blank\" rel=\"noopener\">deutschen Dohop<\/a> versuchen.<\/p>\n<p><a href=\"http:\/\/www.gotogate.com\" target=\"_blank\" rel=\"noopener\">Gotogate.com<\/a> Ich habe hier einige g\u00fcnstige Fl\u00fcge gebucht. Sie versuchen eine Menge Up-Selling und Bundles. Sie k\u00f6nnten unter den Flugbuchungsseiten das sein, was Godaddy unter den Domainregistrierern ist.<\/p>\n<p><a href=\"https:\/\/www.opodo.com\/\" target=\"_blank\" rel=\"noopener\">Opodo<\/a> Suchen, vergleichen und erhalten Sie tolle Angebote f\u00fcr Ihr Flugticket dank unserer schnellen Suchmaschine und einer gro\u00dfen Auswahl an <em>Billigfl\u00fcgen<\/em> von Standard- und Billigfluggesellschaften.<\/p>\n<p><a href=\"https:\/\/faregeek.com\/\" target=\"_blank\" rel=\"noopener\">Faregeek<\/a>, &#8220;niedrige Preise, mehr M\u00f6glichkeiten&#8221;.<\/p>\n<p>&nbsp;<\/p>\n<p><strong>Websites, die auf die Suche nach Billigfluggesellschaften spezialisiert sind, die bei anderen Flugaggregatoren nicht erscheinen<\/strong><\/p>\n<p><a href=\"http:\/\/www.azair.com\" target=\"_blank\" rel=\"noopener\">AZair.com<\/a> findet Billigfl\u00fcge in Europa, dem Mittelmeerraum und Asien. AZair kombiniert Low-Cost-Airlines und w\u00e4hlt aus einer Vielzahl von m\u00f6glichen Verbindungen die g\u00fcnstigsten Optionen aus. Mit AZair sind die g\u00fcnstigsten Low-Cost-Fl\u00fcge nicht mehr vor Ihnen versteckt.<\/p>\n<p><a href=\"http:\/\/www.swoodoo.com\" target=\"_blank\" rel=\"noopener\">swoodoo.com<\/a> Theye ist eine Flugsuchmaschine f\u00fcr superg\u00fcnstige Fl\u00fcge in der EU. Nur deutsche Website.<\/p>\n<p><a href=\"https:\/\/www.kiwi.com\" target=\"_blank\" rel=\"noopener\">Kiwi<\/a> Die Flugticketsuche von Kiwi.com basiert auf dem Konzept des &#8220;virtuellen Interlinings&#8221; &#8211; kombinierte Flugrouten von \u00fcber 750 Fluggesellschaften, darunter viele, die normalerweise bei Onlinebuchungen nicht zusammenarbeiten. Kiwi unterscheidet sich definitiv von vielen anderen Flugbuchungsseiten und kann verr\u00fcckte Flugrouten finden. Au\u00dferdem k\u00f6nnen Sie hier Tickets buchen, die mehrere Fl\u00fcge verschiedener Fluggesellschaften kombinieren.<\/p>\n<p><strong>Spezialtaktiken und noch g\u00fcnstig <\/strong>ere<b>Flugtarife<\/b><\/p>\n<p><strong>Verwenden Sie ein VPN <\/strong>. Neben den Vorteilen f\u00fcr die Privatsph\u00e4re k\u00f6nnen VPNs auch niedrigere Flugpreise bieten, da es so aussieht, als w\u00fcrden Sie von einem anderen Land aus buchen. Wir empfehlen Astrill VPN.<\/p>\n<p><strong>Verwenden Sie ITA Matrix <\/strong><a href=\"https:\/\/matrix.itasoftware.com\/search\" target=\"_blank\" rel=\"noopener\">ITA Matrix<\/a> ist ein Google-eigenes, ausgezeichnetes, aber komplexes Tool zur Flugsuche. Sie k\u00f6nnen auf dieser Website keine Fl\u00fcge buchen. Wenn Sie eine Reiseroute \u00fcber Matrix buchen m\u00f6chten, k\u00f6nnen Sie diese Website <a href=\"https:\/\/bookwithmatrix.com\/\" target=\"_blank\" rel=\"noopener\">bookwithmatrix.com<\/a> verwenden.<\/p>\n<p><strong>Eine Etappe \u00fcberspringen.<\/strong> Was bedeutet das? Skiplagging bedeutet, dass ein Flugreisender ein Ticket f\u00fcr einen Flug mit einer Zwischenlandung vor dem endg\u00fcltigen Zielort kauft und am Flughafen der Zwischenlandung abfliegt. Beispiel: Ein Kunde m\u00f6chte von Atlanta, Georgia, nach Orlando, Florida, fliegen. Ein Direktflug k\u00f6nnte 250 $ kosten, aber ein Flug von Atlanta nach Dallas, Texas, mit einem Zwischenstopp in Orlando k\u00f6nnte mit 130 $ fast die H\u00e4lfte kosten. Der Passagier nimmt also den ersten Flug nach Orlando, steigt aber nie in den Flug nach Dallas ein. Diese Website kann Ihnen bei solchen Reiserouten helfen: <a href=\"https:\/\/skiplagged.com\" target=\"_blank\" rel=\"noopener\">skiplagged.com<\/a><\/p>\n<p><em>Warnung!<\/em> <em>Diese Strategie birgt Risiken!<\/em><\/p>\n<ul>\n<li>Geben Sie niemals Gep\u00e4ck auf, wenn Sie dies tun.<\/li>\n<li>Sie k\u00f6nnen nur die letzte Etappe \u00fcberspringen. Nachdem Sie einen Flugabschnitt \u00fcbersprungen haben, wird Ihr Ticket ung\u00fcltig!<\/li>\n<li>Geben Sie niemals zu, dass Sie &#8220;skiplaggen&#8221;.<\/li>\n<li>Benutzen Sie niemals Ihre Meilenpr\u00e4mieninformation. Es ist bekannt, dass Fluggesellschaften Meilenkonten von Personen, die dies tun, f\u00fcr ung\u00fcltig erkl\u00e4ren.<\/li>\n<li>Es ist auch schon vorgekommen, dass Sie ein &#8220;kostenloses Upgrade&#8221; erhalten haben. Ein kostenloses Upgrade auf einen Direktflug. Ein Flug zu einem Ziel, das Sie eigentlich gar nicht ansteuern wollten. Seien Sie also vorsichtig.<\/li>\n<\/ul>\n<p>Das letzte Mal bin ich von Peking -&gt;Neu Deli&gt; Frankfurt geflogen. Auf dem R\u00fcckflug flog ich Frankfurt-&gt;Neu Deli und lie\u00df den Flug nach Peking aus. Ich hatte gesch\u00e4ftlich in Indien zu tun und bin dann von einer indischen Stadt, vielleicht war es Mumbai, \u00fcber einen 48-st\u00fcndigen Aufenthalt in Colombo Sri Lanka, zur\u00fcck nach Peking geflogen. Auch in Sri Lanka habe ich fast 48 Stunden lang mit einem kostenlosen Transitvisum einen sch\u00f6nen Urlaub verbracht. Als ich das n\u00e4chste Mal \u00fcber New Deli flog, sah ich, wie Mitarbeiter der Fluggesellschaft die Tickets der Passagiere kontrollierten, die das Flugzeug verlie\u00dfen, und sie zur Einwanderungsbeh\u00f6rde oder zu Anschlussfl\u00fcgen verwiesen. Ich bin mir nicht sicher, ob sie Sie zwingen k\u00f6nnen, das n\u00e4chste Flugzeug zu nehmen, aber denken Sie daran, dass die Fluggesellschaften es NICHT m\u00f6gen, wenn Sie ein Segment auslassen.<\/p>\n<p><strong>Machen Sie einen sch\u00f6nen kostenlosen Zwischenstopp.<\/strong> Diese Website kann Ihnen helfen, sie zu finden: <a href=\"http:\/\/www.cleverlayover.com\" target=\"_blank\" rel=\"noopener\">cleverlayover.com<\/a> oder <a href=\"https:\/\/airwander.com\/\" target=\"_blank\" rel=\"noopener\">airwander.com<\/a>. Ich pers\u00f6nlich mag die kostenlosen Zwischenstopps in Istanbul (T\u00fcrkei) und Addis Abeba (\u00c4thiopien). Hotel, Bus und Essen werden von der Fluggesellschaft bezahlt. Air Portugal hat angeblich auch einige gute Angebote.<\/p>\n<p><strong>Wechseln Sie die Sprache<\/strong> Wenn Sie direkt bei der Fluggesellschaft buchen, habe ich bei der Umstellung von der englischen auf die spanische Buchungsschnittstelle wahnsinnige Einsparungen festgestellt. Inlandsfl\u00fcge k\u00f6nnen leicht 80 % billiger sein. Bezahlen Sie nicht die Gringo-Steuer!<\/p>\n<p><strong>Fuel Dump und Error Rates <\/strong>haben zwei Hauptursachen:<\/p>\n<p>1. Fuel-Dump Da der Treibstoffzuschlag erst nach der Einf\u00fchrung kommerzieller Reservierungssysteme f\u00fcr Fluggesellschaften eingef\u00fchrt wurde, besteht die M\u00f6glichkeit, dass es zu Fehlern kommt. Der Treibstoffzuschlag ist ein wesentlicher Bestandteil des Ticketpreises. Der Treibstoffzuschlag f\u00fcr Langstreckenfl\u00fcge kann durch einen Computerfehler gek\u00fcrzt werden. Viele Flugbegeisterte wenden eine Praxis an, die als &#8220;Fuel Dumping&#8221; bekannt ist. Dabei werden absichtlich bestimmte Fluggesellschaften auf demselben Ticket zusammengelegt, in der Hoffnung, dass der Treibstoffzuschlag wegf\u00e4llt. Fuel Dumps sind zwar immer noch m\u00f6glich, geh\u00f6ren aber weitgehend der Vergangenheit an. Sie sind selten!<\/p>\n<p>2. Menschliches Versagen. Wenn es um Fehltarife geht, kommt einem der ber\u00fchmte United Airlines First Class Fehltarif in den Sinn. Zahlreiche Medien auf der ganzen Welt berichteten \u00fcber diesen Fehltarif, weil sie es nicht fassen konnten, dass Tickets, die normalerweise 4000 Dollar kosten, f\u00fcr nur 79 Dollar verkauft wurden.<\/p>\n<p>Diese Websites helfen Ihnen bei der Suche nach Treibstoffabf\u00e4llen und Fehltarifen. <a href=\"https:\/\/jacksflightclub.com\" target=\"_blank\" rel=\"noopener\">jacksflightclub.com<\/a> und <a href=\"http:\/\/www.secretflying.com\" target=\"_blank\" rel=\"noopener\">secretflying.com<\/a><\/p>\n<p><strong>Welche Fluggesellschaft?<\/strong> Keine Website bietet alle Fl\u00fcge an. Es kann schwierig sein, Tickets von exotischen Flugh\u00e4fen zu kaufen, z.B. Tabatinga Brasilien oder Altay China. Eine M\u00f6glichkeit, Fl\u00fcge zu finden, ist herauszufinden, welche Fluggesellschaften von diesem Flughafen aus fliegen. Versuchen Sie es mit <a href=\"http:\/\/www.flightconnections.com\/\" target=\"_blank\" rel=\"noopener\">flightconnections.com<\/a>. Wenn flight-connections keine Informationen hat, googeln Sie den Wikipedia-Eintrag des Flughafens. Normalerweise enth\u00e4lt die Wiki-Seite eine Liste der Fluggesellschaften, die dieses Ziel anfliegen.<\/p>\n<p><strong>Kauf bei einem Aggregator vs. Kauf direkt bei der Fluggesellschaft<\/strong><\/p>\n<p>Dies ist eine wichtige Entscheidung. Viele Flugaggregatoren bieten g\u00fcnstigere Ticker als die Fluggesellschaft, aber Sie k\u00f6nnen beide pr\u00fcfen. Wenn Sie immer dieselbe Buchungswebsite verwenden, kann die Buchung bequem sein. Ich glaube nicht, dass viele Fluggesellschaften wissen, wie schlecht ihre Buchungsschnittstelle ist. Der gro\u00dfe Nachteil beim Kauf \u00fcber eine Flugaggregator-Website: wenn Sie den Flug \u00e4ndern m\u00f6chten. Wenn Sie bereits wissen, dass Sie das Abflugdatum \u00e4ndern m\u00fcssen, kaufen Sie immer direkt bei der Fluggesellschaft. Und stellen Sie sicher, dass der Flug ge\u00e4ndert werden kann.<\/p>\n<p>&nbsp;<\/p>\n","protected":false},"excerpt":{"rendered":"<p>Liste der wichtigsten Flugbuchungsportale Google-Fl\u00fcge Google-Fl\u00fcge ist eine der besten Flugpreis-Suchmaschinen. Versuchen Sie, sie manchmal mit einem VPN zu nutzen. Ich habe mit einem VPN Geld sparen k\u00f6nnen. Ich habe einmal 500 USD gespart, als ich einen Flug \u00fcber Google buchte und eine ausl\u00e4ndische IP-Adresse verwendete. Expedia.com &#8220;Ihre zentrale Reiseseite f\u00fcr Ihren Traumurlaub&#8221;. Eine der [&hellip;]<\/p>\n","protected":false},"author":1,"featured_media":0,"parent":18,"menu_order":0,"comment_status":"closed","ping_status":"closed","template":"","meta":{"footnotes":"","_links_to":"","_links_to_target":""},"class_list":["post-56","page","type-page","status-publish","hentry"],"_links":{"self":[{"href":"https:\/\/expatcircle.com\/cms\/de\/wp-json\/wp\/v2\/pages\/56","targetHints":{"allow":["GET"]}}],"collection":[{"href":"https:\/\/expatcircle.com\/cms\/de\/wp-json\/wp\/v2\/pages"}],"about":[{"href":"https:\/\/expatcircle.com\/cms\/de\/wp-json\/wp\/v2\/types\/page"}],"author":[{"embeddable":true,"href":"https:\/\/expatcircle.com\/cms\/de\/wp-json\/wp\/v2\/users\/1"}],"replies":[{"embeddable":true,"href":"https:\/\/expatcircle.com\/cms\/de\/wp-json\/wp\/v2\/comments?post=56"}],"version-history":[{"count":9,"href":"https:\/\/expatcircle.com\/cms\/de\/wp-json\/wp\/v2\/pages\/56\/revisions"}],"predecessor-version":[{"id":225,"href":"https:\/\/expatcircle.com\/cms\/de\/wp-json\/wp\/v2\/pages\/56\/revisions\/225"}],"up":[{"embeddable":true,"href":"https:\/\/expatcircle.com\/cms\/de\/wp-json\/wp\/v2\/pages\/18"}],"wp:attachment":[{"href":"https:\/\/expatcircle.com\/cms\/de\/wp-json\/wp\/v2\/media?parent=56"}],"curies":[{"name":"wp","href":"https:\/\/api.w.org\/{rel}","templated":true}]}}