{"id":63,"date":"2023-11-22T14:24:21","date_gmt":"2023-11-22T14:24:21","guid":{"rendered":"https:\/\/expatcircle.com\/cms\/de\/?page_id=63"},"modified":"2024-03-01T15:06:39","modified_gmt":"2024-03-01T15:06:39","slug":"flugmeilen-und-punkte-sammeln","status":"publish","type":"page","link":"https:\/\/expatcircle.com\/cms\/de\/flugmeilen-und-punkte-sammeln\/","title":{"rendered":"Flugmeilen und Punkte sammeln"},"content":{"rendered":"<p><strong>Meilen sammeln<\/strong><\/p>\n<p>Warum sollten Sie Meilen sammeln? Das Sammeln von Meilen ist eine gro\u00dfartige M\u00f6glichkeit, Geld zu sparen oder einige nette Vorteile zu erhalten, z. B. kostenlosen Zugang zu Flughafen-Lounges, zus\u00e4tzliches Gep\u00e4ck, kostenlose Upgrades oder kostenlose Fl\u00fcge. Ziel ist es, mindestens den Goldstatus zu erreichen, um in den Genuss von Vorteilen wie kostenlosem Lounge-Zugang zu kommen.<\/p>\n<p>Es gibt drei gro\u00dfe Airline-Allianzen. Star Alliance, Sky Team und One World. Als Goldmitglied in einer Allianz erhalten Sie normalerweise alle Vorteile bei allen Mitgliedern der Allianz. <a href=\"http:\/\/www.wheretocredit.com\/\" target=\"_blank\" rel=\"noopener\">wheretocredit.com<\/a> hilft Ihnen bei der Entscheidung, wo Sie Ihre Meilen gutschreiben lassen k\u00f6nnen, wenn Sie Mitglied in mehr als einem Programm sind.<\/p>\n<p>Haben Sie bereits Goldstatus bei einer Fluggesellschaft \/ einer Allianz? Nun, jede Fluggesellschaft freut sich \u00fcber gute Kunden. Finden Sie heraus, wie Sie kostenlos einen <a href=\"https:\/\/expatcircle.com\/cms\/de\/reisen\/wie-erhalte-ich-kostenlos-den-gold-elite-status\/\">weiteren Goldstatus erhalten k\u00f6nnen.<\/a><\/p>\n<p><strong>Meilen mit Kreditkarten sammeln<\/strong><\/p>\n","protected":false},"excerpt":{"rendered":"<p>Meilen sammeln Warum sollten Sie Meilen sammeln? Das Sammeln von Meilen ist eine gro\u00dfartige M\u00f6glichkeit, Geld zu sparen oder einige nette Vorteile zu erhalten, z. B. kostenlosen Zugang zu Flughafen-Lounges, zus\u00e4tzliches Gep\u00e4ck, kostenlose Upgrades oder kostenlose Fl\u00fcge. Ziel ist es, mindestens den Goldstatus zu erreichen, um in den Genuss von Vorteilen wie kostenlosem Lounge-Zugang zu [&hellip;]<\/p>\n","protected":false},"author":1,"featured_media":0,"parent":0,"menu_order":0,"comment_status":"closed","ping_status":"closed","template":"","meta":{"footnotes":"","_links_to":"","_links_to_target":""},"class_list":["post-63","page","type-page","status-publish","hentry"],"_links":{"self":[{"href":"https:\/\/expatcircle.com\/cms\/de\/wp-json\/wp\/v2\/pages\/63","targetHints":{"allow":["GET"]}}],"collection":[{"href":"https:\/\/expatcircle.com\/cms\/de\/wp-json\/wp\/v2\/pages"}],"about":[{"href":"https:\/\/expatcircle.com\/cms\/de\/wp-json\/wp\/v2\/types\/page"}],"author":[{"embeddable":true,"href":"https:\/\/expatcircle.com\/cms\/de\/wp-json\/wp\/v2\/users\/1"}],"replies":[{"embeddable":true,"href":"https:\/\/expatcircle.com\/cms\/de\/wp-json\/wp\/v2\/comments?post=63"}],"version-history":[{"count":6,"href":"https:\/\/expatcircle.com\/cms\/de\/wp-json\/wp\/v2\/pages\/63\/revisions"}],"predecessor-version":[{"id":236,"href":"https:\/\/expatcircle.com\/cms\/de\/wp-json\/wp\/v2\/pages\/63\/revisions\/236"}],"wp:attachment":[{"href":"https:\/\/expatcircle.com\/cms\/de\/wp-json\/wp\/v2\/media?parent=63"}],"curies":[{"name":"wp","href":"https:\/\/api.w.org\/{rel}","templated":true}]}}