{"id":679,"date":"2024-06-05T15:08:59","date_gmt":"2024-06-05T15:08:59","guid":{"rendered":"https:\/\/expatcircle.com\/cms\/de\/?page_id=679"},"modified":"2024-06-05T15:08:59","modified_gmt":"2024-06-05T15:08:59","slug":"reisepass-beantragen","status":"publish","type":"page","link":"https:\/\/expatcircle.com\/cms\/de\/reisepass-beantragen\/","title":{"rendered":"Reisepass beantragen"},"content":{"rendered":"<p>Mal abgesehen, dass es derzeit <a href=\"https:\/\/expatcircle.com\/cms\/de\/engpass-fur-die-lieferung-von-reisepassen\/\">einen Engpass<\/a> f\u00fcr die Lieferung von Reisep\u00e4ssen gib, kann die Beantragung eines Reisepasses im Ausland als Expat, PT oder digitaler Nomade nervig sein.<br \/>\nIch habe da schon sowohl in Deutschland, als auch im Ausland, die verr\u00fccktesten Erfahrungen gemacht.<\/p>\n<p>Wichtig ist, dass man einen Reisepass hat. Und als echter PT sollte man ggf. auch einen zweiten Reisepass haben, da man viel reist. Am besten noch mindestens eine zus\u00e4tzliche Staatsb\u00fcrgerschaft.<\/p>\n<p>Alles steht im Passgesetz, hier als PDF: <a href=\"https:\/\/expatcircle.com\/cms\/de\/wp-content\/uploads\/2024\/06\/PasG.pdf\">Pa\u00dfG<\/a><\/p>\n<p>Es schadet nicht, sich das mal in Ruhe durchzulesen.<\/p>\n<p>Genauso wichtig, sind die, Euch oft vorenthaltenden Allgemeine Verwaltungsvorschrift zur Durchf\u00fchrung des Passgesetzes (Passverwaltungsvorschrift \u2013 PassVwV). Hier als PDF: <a href=\"https:\/\/expatcircle.com\/cms\/de\/wp-content\/uploads\/2024\/06\/PassVwV.pdf\">PassVwV<\/a><\/p>\n<p>Daran muss sich die Beh\u00f6rde, egal ob im In- oder Ausland, halten. Falls die Dokumente oder sonst was von Euch will, muss die Beh\u00f6rde dies mit dem PassG oder dem PassVwV begr\u00fcnden koennne. Alles andere ist Schikane und kann ggf. vor einem Verwaltungsgericht eingeklagt werden.<\/p>\n<p>&nbsp;<\/p>\n","protected":false},"excerpt":{"rendered":"<p>Mal abgesehen, dass es derzeit einen Engpass f\u00fcr die Lieferung von Reisep\u00e4ssen gib, kann die Beantragung eines Reisepasses im Ausland als Expat, PT oder digitaler Nomade nervig sein. Ich habe da schon sowohl in Deutschland, als auch im Ausland, die verr\u00fccktesten Erfahrungen gemacht. Wichtig ist, dass man einen Reisepass hat. Und als echter PT sollte [&hellip;]<\/p>\n","protected":false},"author":1,"featured_media":0,"parent":0,"menu_order":0,"comment_status":"closed","ping_status":"closed","template":"","meta":{"footnotes":"","_links_to":"","_links_to_target":""},"class_list":["post-679","page","type-page","status-publish","hentry"],"_links":{"self":[{"href":"https:\/\/expatcircle.com\/cms\/de\/wp-json\/wp\/v2\/pages\/679","targetHints":{"allow":["GET"]}}],"collection":[{"href":"https:\/\/expatcircle.com\/cms\/de\/wp-json\/wp\/v2\/pages"}],"about":[{"href":"https:\/\/expatcircle.com\/cms\/de\/wp-json\/wp\/v2\/types\/page"}],"author":[{"embeddable":true,"href":"https:\/\/expatcircle.com\/cms\/de\/wp-json\/wp\/v2\/users\/1"}],"replies":[{"embeddable":true,"href":"https:\/\/expatcircle.com\/cms\/de\/wp-json\/wp\/v2\/comments?post=679"}],"version-history":[{"count":1,"href":"https:\/\/expatcircle.com\/cms\/de\/wp-json\/wp\/v2\/pages\/679\/revisions"}],"predecessor-version":[{"id":684,"href":"https:\/\/expatcircle.com\/cms\/de\/wp-json\/wp\/v2\/pages\/679\/revisions\/684"}],"wp:attachment":[{"href":"https:\/\/expatcircle.com\/cms\/de\/wp-json\/wp\/v2\/media?parent=679"}],"curies":[{"name":"wp","href":"https:\/\/api.w.org\/{rel}","templated":true}]}}