{"id":993,"date":"2024-06-26T09:42:35","date_gmt":"2024-06-26T09:42:35","guid":{"rendered":"https:\/\/expatcircle.com\/cms\/de\/?page_id=993"},"modified":"2024-06-26T12:03:10","modified_gmt":"2024-06-26T12:03:10","slug":"online-ressourcen","status":"publish","type":"page","link":"https:\/\/expatcircle.com\/cms\/de\/flaggen\/online-ressourcen\/","title":{"rendered":"Online Ressourcen"},"content":{"rendered":"<h3><strong>Klimawandel &#8211; Wie wird sich das Klima in 60 Jahren in meiner Stadt anf\u00fchlen?<\/strong><\/h3>\n<p>Wie wird sich das Klima dort, wo ich lebe, in Zukunft anf\u00fchlen, wenn wir nichts gegen den Klimawandel unternehmen? Viele Menschen k\u00f6nnen sich das wahrscheinlich nicht wirklich vorstellen. Mit einer interaktiven Karte k\u00f6nnen Sie jetzt \u00fcberpr\u00fcfen, welcher Stadt oder Region Ihr eigener Wohnort \u00e4hneln k\u00f6nnte. <a href=\"https:\/\/fitzlab.shinyapps.io\/cityapp\/\" target=\"_blank\" rel=\"noopener\">Link<\/a><\/p>\n<h3><\/h3>\n<h3 class=\"LC20lb MBeuO DKV0Md\">Lebenshaltungskosten<\/h3>\n<p>Numbeo ist die weltweit gr\u00f6\u00dfte Datenbank f\u00fcr Lebenshaltungskosten. Numbeo ist auch eine von der Crowd gespeiste globale Datenbank f\u00fcr Lebensqualit\u00e4tsdaten: Wohnungsindikatoren, wahrgenommene Kriminalit\u00e4tsraten, Qualit\u00e4t der Gesundheitsversorgung, Qualit\u00e4t des Verkehrs und andere Statistiken. <a href=\"https:\/\/www.numbeo.com\/cost-of-living\/\" target=\"_blank\" rel=\"noopener\">Link.<\/a><\/p>\n<h3><\/h3>\n<h3 class=\"LC20lb MBeuO DKV0Md\">Index der wirtschaftlichen Freiheit &#8211; The Heritage Foundation<\/h3>\n<p>Erkunden Sie den Index der wirtschaftlichen Freiheit, um die globalen Auswirkungen von Freiheit und freien M\u00e4rkten einzusch\u00e4tzen. Entdecken Sie die starke Verbindung zwischen wirtschaftlicher Freiheit und Fortschritt. <a href=\"https:\/\/www.heritage.org\/index\/\" target=\"_blank\" rel=\"noopener\">Link<\/a><\/p>\n<h3><\/h3>\n<h3>Internationaler Steuerwettbewerbsindex<\/h3>\n<p>Der Internationale Steuerwettbewerbsindex (ITCI) versucht zu messen, inwieweit das Steuersystem eines Landes zwei wichtige Aspekte der Steuerpolitik einh\u00e4lt: Wettbewerbsf\u00e4higkeit und Neutralit\u00e4t. <a href=\"https:\/\/taxfoundation.org\/research\/all\/global\/2023-international-tax-competitiveness-index\/\" target=\"_blank\" rel=\"noopener\">Link<\/a><\/p>\n<p>&nbsp;<\/p>\n<h3>Globaler Friedensindex 2024<\/h3>\n<p>Ein zusammengesetzter Index, der die Friedfertigkeit von L\u00e4ndern misst und aus 23 quantitativen und qualitativen Indikatoren besteht, die jeweils auf einer Skala von 1-5 gewichtet sind. Je niedriger die Punktzahl, desto friedlicher das Land. <a href=\"https:\/\/www.visionofhumanity.org\/maps\/#\/\" target=\"_blank\" rel=\"noopener\">Link<\/a><\/p>\n<p>&nbsp;<\/p>\n<h3><strong>Beste Gesundheitsversorgung der Welt<\/strong><\/h3>\n<p>Gesundheitsversorgung ist ein weitgefasster Begriff, der die verschiedenen Systeme beschreibt, auf die wir Menschen uns verlassen, um unsere pers\u00f6nliche Gesundheit durch die Behandlung (oder Vorbeugung) von Krankheiten, Verletzungen, Erkrankungen und anderen k\u00f6rperlichen oder geistigen Beeintr\u00e4chtigungen zu erhalten. Gesundheitsversorgung umfasst \u00c4rzte und Krankenh\u00e4user sowie Zahnmedizin, Psychologie, Krankenpflege, Physiotherapie, Ergotherapie und mehr. Landesweite Gesundheitssysteme nehmen viele Formen an, und der Zugang zur Gesundheitsversorgung variiert zwischen L\u00e4ndern, Gemeinden und Einzelpersonen und wird haupts\u00e4chlich von wirtschaftlichen und sozialen Faktoren beeinflusst. <a href=\"https:\/\/worldpopulationreview.com\/country-rankings\/best-healthcare-in-the-world\" target=\"_blank\" rel=\"noopener\">Link<\/a> Bitte beachten Sie auch unsere <a href=\"https:\/\/expatcircle.com\/cms\/health\/health-insurance\/\">Informationen zur Krankenversicherung<\/a>.<\/p>\n<h3><\/h3>\n<h3>Weltweiter Internet-Geschwindigkeitstest<\/h3>\n<p>Der Speedtest Global Index enth\u00e4lt jetzt Internet-Geschwindigkeitsrankings f\u00fcr einige der gr\u00f6\u00dften St\u00e4dte der Welt. <a href=\"https:\/\/www.speedtest.net\/global-index\" target=\"_blank\" rel=\"noopener\">Link <\/a><\/p>\n<p>&nbsp;<\/p>\n<p>Was ist Ihr Backup-Plan? <a href=\"https:\/\/expatcircle.com\/cms\/de\/kontakt\/\">Sprechen Sie mit uns.<\/a><\/p>\n","protected":false},"excerpt":{"rendered":"<p>Klimawandel &#8211; Wie wird sich das Klima in 60 Jahren in meiner Stadt anf\u00fchlen? Wie wird sich das Klima dort, wo ich lebe, in Zukunft anf\u00fchlen, wenn wir nichts gegen den Klimawandel unternehmen? Viele Menschen k\u00f6nnen sich das wahrscheinlich nicht wirklich vorstellen. Mit einer interaktiven Karte k\u00f6nnen Sie jetzt \u00fcberpr\u00fcfen, welcher Stadt oder Region Ihr [&hellip;]<\/p>\n","protected":false},"author":1,"featured_media":0,"parent":14,"menu_order":0,"comment_status":"closed","ping_status":"closed","template":"","meta":{"footnotes":"","_links_to":"","_links_to_target":""},"class_list":["post-993","page","type-page","status-publish","hentry"],"_links":{"self":[{"href":"https:\/\/expatcircle.com\/cms\/de\/wp-json\/wp\/v2\/pages\/993","targetHints":{"allow":["GET"]}}],"collection":[{"href":"https:\/\/expatcircle.com\/cms\/de\/wp-json\/wp\/v2\/pages"}],"about":[{"href":"https:\/\/expatcircle.com\/cms\/de\/wp-json\/wp\/v2\/types\/page"}],"author":[{"embeddable":true,"href":"https:\/\/expatcircle.com\/cms\/de\/wp-json\/wp\/v2\/users\/1"}],"replies":[{"embeddable":true,"href":"https:\/\/expatcircle.com\/cms\/de\/wp-json\/wp\/v2\/comments?post=993"}],"version-history":[{"count":5,"href":"https:\/\/expatcircle.com\/cms\/de\/wp-json\/wp\/v2\/pages\/993\/revisions"}],"predecessor-version":[{"id":1004,"href":"https:\/\/expatcircle.com\/cms\/de\/wp-json\/wp\/v2\/pages\/993\/revisions\/1004"}],"up":[{"embeddable":true,"href":"https:\/\/expatcircle.com\/cms\/de\/wp-json\/wp\/v2\/pages\/14"}],"wp:attachment":[{"href":"https:\/\/expatcircle.com\/cms\/de\/wp-json\/wp\/v2\/media?parent=993"}],"curies":[{"name":"wp","href":"https:\/\/api.w.org\/{rel}","templated":true}]}}